{"id":79909,"date":"2023-06-30T11:26:49","date_gmt":"2023-06-30T18:26:49","guid":{"rendered":"https:\/\/evhcc.org\/?post_type=product&#038;p=79909"},"modified":"2024-07-29T12:36:25","modified_gmt":"2024-07-29T19:36:25","slug":"gold-sponsor","status":"publish","type":"product","link":"https:\/\/evhcc.org\/es\/product\/gold-sponsor\/","title":{"rendered":"Gold Sponsor"},"content":{"rendered":"<ul class=\"elementor-icon-list-items\">\n<li class=\"elementor-icon-list-item\"><span class=\"elementor-icon-list-text\">Reconocimiento como patrocinador de Oro en todo el material publicitario, se\u00f1alizaci\u00f3n, promociones y comunicados de prensa relacionados con el evento<\/span><\/li>\n<li class=\"elementor-icon-list-item\"><i class=\"fas fa-check\" aria-hidden=\"true\"><\/i><span class=\"elementor-icon-list-text\">Un anuncio en color de p\u00e1gina completa presentado en el programa. *<\/span><\/li>\n<li class=\"elementor-icon-list-item\"><i class=\"fas fa-check\" aria-hidden=\"true\"><\/i><span class=\"elementor-icon-list-text\">Un mensaje del CEO reconociendo el apoyo de los patrocinadores en los programas de eventos exclusivos<\/span><\/li>\n<li class=\"elementor-icon-list-item\"><i class=\"fas fa-check\" aria-hidden=\"true\"><\/i><span class=\"elementor-icon-list-text\">El sitio web del patrocinador estar\u00e1 vinculado al sitio web de EVHCC durante un a\u00f1o<\/span><\/li>\n<li class=\"elementor-icon-list-item\"><i class=\"fas fa-check\" aria-hidden=\"true\"><\/i><span class=\"elementor-icon-list-text\">El patrocinador aparecer\u00e1 en el bolet\u00edn electr\u00f3nico de EVHCC<\/span><\/li>\n<li class=\"elementor-icon-list-item\"><i class=\"fas fa-check\" aria-hidden=\"true\"><\/i><span class=\"elementor-icon-list-text\">Patrocinador reconocido como partidario del enriquecimiento educativo del programa STEAM Scholars<\/span><\/li>\n<li class=\"elementor-icon-list-item\"><i class=\"fas fa-check\" aria-hidden=\"true\"><\/i><span class=\"elementor-icon-list-text\">El patrocinio incluye membres\u00eda anual de EVHCC<\/span><\/li>\n<li class=\"elementor-icon-list-item\"><i class=\"fas fa-check\" aria-hidden=\"true\"><\/i><span class=\"elementor-icon-list-text\">Se anunciar\u00e1 el reconocimiento de apoyo a los miembros de EVHCC y a los socios estrat\u00e9gicos.<\/span><\/li>\n<li class=\"elementor-icon-list-item\"><i class=\"fas fa-check\" aria-hidden=\"true\"><\/i><span class=\"elementor-icon-list-text\">El patrocinador puede dirigirse a los invitados en todos los eventos.<\/span><\/li>\n<li class=\"elementor-icon-list-item\"><i class=\"fas fa-check\" aria-hidden=\"true\"><\/i><span class=\"elementor-icon-list-text\">Una oportunidad para proporcionar un perfil de video corporativo que se presentar\u00e1 durante un a\u00f1o en el sitio web de EVHCC<\/span><\/li>\n<li class=\"elementor-icon-list-item\"><i class=\"fas fa-check\" aria-hidden=\"true\"><\/i><span class=\"elementor-icon-list-text\">Cena en mesa para 8 personas<\/span><\/li>\n<li class=\"elementor-icon-list-item\"><i class=\"fas fa-check\" aria-hidden=\"true\"><\/i><span class=\"elementor-icon-list-text\">Oportunidad de servir en la Junta Directiva de EVHCC<\/span><\/li>\n<\/ul>\n","protected":false},"excerpt":{"rendered":"<ul class=\"elementor-icon-list-items\">\n<li class=\"elementor-icon-list-item\"><span class=\"elementor-icon-list-text\">Reconocimiento como patrocinador de Oro en todo el material publicitario, se\u00f1alizaci\u00f3n, promociones y comunicados de prensa relacionados con el evento<\/span><\/li>\n<li class=\"elementor-icon-list-item\"><i class=\"fas fa-check\" aria-hidden=\"true\"><\/i><span class=\"elementor-icon-list-text\">Un anuncio a color de p\u00e1gina completa que aparece en el video *<\/span><\/li>\n<li class=\"elementor-icon-list-item\"><i class=\"fas fa-check\" aria-hidden=\"true\"><\/i><span class=\"elementor-icon-list-text\">Un mensaje del CEO reconociendo el apoyo de los patrocinadores en los programas de eventos exclusivos<\/span><\/li>\n<li class=\"elementor-icon-list-item\"><i class=\"fas fa-check\" aria-hidden=\"true\"><\/i><span class=\"elementor-icon-list-text\">El sitio web del patrocinador estar\u00e1 vinculado al sitio web de EVHCC durante un a\u00f1o<\/span><\/li>\n<li class=\"elementor-icon-list-item\"><i class=\"fas fa-check\" aria-hidden=\"true\"><\/i><span class=\"elementor-icon-list-text\">El patrocinador aparecer\u00e1 en el bolet\u00edn electr\u00f3nico de EVHCC<\/span><\/li>\n<li class=\"elementor-icon-list-item\"><i class=\"fas fa-check\" aria-hidden=\"true\"><\/i><span class=\"elementor-icon-list-text\">Patrocinador reconocido como partidario del enriquecimiento educativo del programa STEAM Scholars<\/span><\/li>\n<li class=\"elementor-icon-list-item\"><i class=\"fas fa-check\" aria-hidden=\"true\"><\/i><span class=\"elementor-icon-list-text\">El patrocinio incluye membres\u00eda anual de EVHCC<\/span><\/li>\n<li class=\"elementor-icon-list-item\"><i class=\"fas fa-check\" aria-hidden=\"true\"><\/i><span class=\"elementor-icon-list-text\">Se anunciar\u00e1 el reconocimiento de apoyo a los miembros de EVHCC y a los socios estrat\u00e9gicos.<\/span><\/li>\n<li class=\"elementor-icon-list-item\"><i class=\"fas fa-check\" aria-hidden=\"true\"><\/i><span class=\"elementor-icon-list-text\">El patrocinador puede dirigirse a los invitados en todos los eventos.<\/span><\/li>\n<li class=\"elementor-icon-list-item\"><i class=\"fas fa-check\" aria-hidden=\"true\"><\/i><span class=\"elementor-icon-list-text\">Una oportunidad para proporcionar un perfil de video corporativo que se presentar\u00e1 durante un a\u00f1o en el sitio web de EVHCC<\/span><\/li>\n<li class=\"elementor-icon-list-item\"><i class=\"fas fa-check\" aria-hidden=\"true\"><\/i><span class=\"elementor-icon-list-text\">Cena en mesa para 8 personas<\/span><\/li>\n<li class=\"elementor-icon-list-item\"><i class=\"fas fa-check\" aria-hidden=\"true\"><\/i><span class=\"elementor-icon-list-text\">Oportunidad de servir en la Junta Directiva de EVHCC<\/span><\/li>\n<\/ul>\n","protected":false},"featured_media":79912,"comment_status":"closed","ping_status":"closed","template":"","meta":{"pmpro_default_level":""},"product_brand":[],"product_cat":[30],"product_tag":[],"class_list":{"0":"post-79909","1":"product","2":"type-product","3":"status-publish","4":"has-post-thumbnail","6":"product_cat-uncategorized","7":"pmpro-has-access","9":"first","10":"instock","11":"virtual","12":"purchasable","13":"product-type-simple"},"yoast_head":"<!-- This site is optimized with the Yoast SEO Premium plugin v25.4 (Yoast SEO v26.8) - https:\/\/yoast.com\/product\/yoast-seo-premium-wordpress\/ -->\n<title>Gold Sponsor - EVHCC<\/title>\n<meta name=\"robots\" content=\"index, follow, max-snippet:-1, max-image-preview:large, max-video-preview:-1\" \/>\n<link rel=\"canonical\" href=\"https:\/\/evhcc.org\/es\/product\/gold-sponsor\/\" \/>\n<meta property=\"og:locale\" content=\"es_ES\" \/>\n<meta property=\"og:type\" content=\"article\" \/>\n<meta property=\"og:title\" content=\"Gold Sponsor\" \/>\n<meta property=\"og:description\" content=\"Reconocimiento como patrocinador de Oro en todo el material publicitario, se\u00f1alizaci\u00f3n, promociones y comunicados de prensa relacionados con el evento  Un anuncio a color de p\u00e1gina completa que aparece en el video *  Un mensaje del CEO reconociendo el apoyo de los patrocinadores en los programas de eventos exclusivos  El sitio web del patrocinador estar\u00e1 vinculado al sitio web de EVHCC durante un a\u00f1o  El patrocinador aparecer\u00e1 en el bolet\u00edn electr\u00f3nico de EVHCC  Patrocinador reconocido como partidario del enriquecimiento educativo del programa STEAM Scholars  El patrocinio incluye membres\u00eda anual de EVHCC  Se anunciar\u00e1 el reconocimiento de apoyo a los miembros de EVHCC y a los socios estrat\u00e9gicos.  El patrocinador puede dirigirse a los invitados en todos los eventos.  Una oportunidad para proporcionar un perfil de video corporativo que se presentar\u00e1 durante un a\u00f1o en el sitio web de EVHCC  Cena en mesa para 8 personas  Oportunidad de servir en la Junta Directiva de EVHCC\" \/>\n<meta property=\"og:url\" content=\"https:\/\/evhcc.org\/es\/product\/gold-sponsor\/\" \/>\n<meta property=\"og:site_name\" content=\"EVHCC\" \/>\n<meta property=\"article:publisher\" content=\"https:\/\/www.facebook.com\/EVHCC\/\" \/>\n<meta property=\"article:modified_time\" content=\"2024-07-29T19:36:25+00:00\" \/>\n<meta property=\"og:image\" content=\"https:\/\/evhcc.org\/wp-content\/uploads\/2023\/06\/ORO.jpg\" \/>\n\t<meta property=\"og:image:width\" content=\"466\" \/>\n\t<meta property=\"og:image:height\" content=\"424\" \/>\n\t<meta property=\"og:image:type\" content=\"image\/jpeg\" \/>\n<meta name=\"twitter:card\" content=\"summary_large_image\" \/>\n<meta name=\"twitter:site\" content=\"@MesaEVHCC\" \/>\n<meta name=\"twitter:label1\" content=\"Tiempo de lectura\" \/>\n\t<meta name=\"twitter:data1\" content=\"1 minuto\" \/>\n<script type=\"application\/ld+json\" class=\"yoast-schema-graph\">{\"@context\":\"https:\/\/schema.org\",\"@graph\":[{\"@type\":\"WebPage\",\"@id\":\"https:\/\/evhcc.org\/es\/product\/gold-sponsor\/\",\"url\":\"https:\/\/evhcc.org\/es\/product\/gold-sponsor\/\",\"name\":\"Gold Sponsor - EVHCC\",\"isPartOf\":{\"@id\":\"https:\/\/evhcc.org\/es\/#website\"},\"primaryImageOfPage\":{\"@id\":\"https:\/\/evhcc.org\/es\/product\/gold-sponsor\/#primaryimage\"},\"image\":{\"@id\":\"https:\/\/evhcc.org\/es\/product\/gold-sponsor\/#primaryimage\"},\"thumbnailUrl\":\"https:\/\/evhcc.org\/wp-content\/uploads\/2023\/06\/ORO.jpg\",\"datePublished\":\"2023-06-30T18:26:49+00:00\",\"dateModified\":\"2024-07-29T19:36:25+00:00\",\"breadcrumb\":{\"@id\":\"https:\/\/evhcc.org\/es\/product\/gold-sponsor\/#breadcrumb\"},\"inLanguage\":\"es\",\"potentialAction\":[{\"@type\":\"ReadAction\",\"target\":[\"https:\/\/evhcc.org\/es\/product\/gold-sponsor\/\"]}]},{\"@type\":\"ImageObject\",\"inLanguage\":\"es\",\"@id\":\"https:\/\/evhcc.org\/es\/product\/gold-sponsor\/#primaryimage\",\"url\":\"https:\/\/evhcc.org\/wp-content\/uploads\/2023\/06\/ORO.jpg\",\"contentUrl\":\"https:\/\/evhcc.org\/wp-content\/uploads\/2023\/06\/ORO.jpg\",\"width\":466,\"height\":424},{\"@type\":\"BreadcrumbList\",\"@id\":\"https:\/\/evhcc.org\/es\/product\/gold-sponsor\/#breadcrumb\",\"itemListElement\":[{\"@type\":\"ListItem\",\"position\":1,\"name\":\"Home\",\"item\":\"https:\/\/evhcc.org\/es\/\"},{\"@type\":\"ListItem\",\"position\":2,\"name\":\"Shop\",\"item\":\"https:\/\/evhcc.org\/shop\/\"},{\"@type\":\"ListItem\",\"position\":3,\"name\":\"Gold Sponsor\"}]},{\"@type\":\"WebSite\",\"@id\":\"https:\/\/evhcc.org\/es\/#website\",\"url\":\"https:\/\/evhcc.org\/es\/\",\"name\":\"EVHCC\",\"description\":\"East Valley Hispanic Chamber of Commerce\",\"publisher\":{\"@id\":\"https:\/\/evhcc.org\/es\/#organization\"},\"potentialAction\":[{\"@type\":\"SearchAction\",\"target\":{\"@type\":\"EntryPoint\",\"urlTemplate\":\"https:\/\/evhcc.org\/es\/?s={search_term_string}\"},\"query-input\":{\"@type\":\"PropertyValueSpecification\",\"valueRequired\":true,\"valueName\":\"search_term_string\"}}],\"inLanguage\":\"es\"},{\"@type\":\"Organization\",\"@id\":\"https:\/\/evhcc.org\/es\/#organization\",\"name\":\"EAST VALLEY HISPANIC chamber of comerce\",\"url\":\"https:\/\/evhcc.org\/es\/\",\"logo\":{\"@type\":\"ImageObject\",\"inLanguage\":\"es\",\"@id\":\"https:\/\/evhcc.org\/es\/#\/schema\/logo\/image\/\",\"url\":\"https:\/\/secureservercdn.net\/166.62.107.20\/g5g.a4e.myftpupload.com\/wp-content\/uploads\/2019\/01\/EVHCC-Logo-image-jpg-min.jpg?time=1636751545\",\"contentUrl\":\"https:\/\/secureservercdn.net\/166.62.107.20\/g5g.a4e.myftpupload.com\/wp-content\/uploads\/2019\/01\/EVHCC-Logo-image-jpg-min.jpg?time=1636751545\",\"width\":190,\"height\":225,\"caption\":\"EAST VALLEY HISPANIC chamber of comerce\"},\"image\":{\"@id\":\"https:\/\/evhcc.org\/es\/#\/schema\/logo\/image\/\"},\"sameAs\":[\"https:\/\/www.facebook.com\/EVHCC\/\",\"https:\/\/x.com\/MesaEVHCC\"]}]}<\/script>\n<!-- \/ Yoast SEO Premium plugin. -->","yoast_head_json":{"title":"Gold Sponsor - EVHCC","robots":{"index":"index","follow":"follow","max-snippet":"max-snippet:-1","max-image-preview":"max-image-preview:large","max-video-preview":"max-video-preview:-1"},"canonical":"https:\/\/evhcc.org\/es\/product\/gold-sponsor\/","og_locale":"es_ES","og_type":"article","og_title":"Gold Sponsor","og_description":"Reconocimiento como patrocinador de Oro en todo el material publicitario, se\u00f1alizaci\u00f3n, promociones y comunicados de prensa relacionados con el evento  Un anuncio a color de p\u00e1gina completa que aparece en el video *  Un mensaje del CEO reconociendo el apoyo de los patrocinadores en los programas de eventos exclusivos  El sitio web del patrocinador estar\u00e1 vinculado al sitio web de EVHCC durante un a\u00f1o  El patrocinador aparecer\u00e1 en el bolet\u00edn electr\u00f3nico de EVHCC  Patrocinador reconocido como partidario del enriquecimiento educativo del programa STEAM Scholars  El patrocinio incluye membres\u00eda anual de EVHCC  Se anunciar\u00e1 el reconocimiento de apoyo a los miembros de EVHCC y a los socios estrat\u00e9gicos.  El patrocinador puede dirigirse a los invitados en todos los eventos.  Una oportunidad para proporcionar un perfil de video corporativo que se presentar\u00e1 durante un a\u00f1o en el sitio web de EVHCC  Cena en mesa para 8 personas  Oportunidad de servir en la Junta Directiva de EVHCC","og_url":"https:\/\/evhcc.org\/es\/product\/gold-sponsor\/","og_site_name":"EVHCC","article_publisher":"https:\/\/www.facebook.com\/EVHCC\/","article_modified_time":"2024-07-29T19:36:25+00:00","og_image":[{"width":466,"height":424,"url":"https:\/\/evhcc.org\/wp-content\/uploads\/2023\/06\/ORO.jpg","type":"image\/jpeg"}],"twitter_card":"summary_large_image","twitter_site":"@MesaEVHCC","twitter_misc":{"Tiempo de lectura":"1 minuto"},"schema":{"@context":"https:\/\/schema.org","@graph":[{"@type":"WebPage","@id":"https:\/\/evhcc.org\/es\/product\/gold-sponsor\/","url":"https:\/\/evhcc.org\/es\/product\/gold-sponsor\/","name":"Gold Sponsor - EVHCC","isPartOf":{"@id":"https:\/\/evhcc.org\/es\/#website"},"primaryImageOfPage":{"@id":"https:\/\/evhcc.org\/es\/product\/gold-sponsor\/#primaryimage"},"image":{"@id":"https:\/\/evhcc.org\/es\/product\/gold-sponsor\/#primaryimage"},"thumbnailUrl":"https:\/\/evhcc.org\/wp-content\/uploads\/2023\/06\/ORO.jpg","datePublished":"2023-06-30T18:26:49+00:00","dateModified":"2024-07-29T19:36:25+00:00","breadcrumb":{"@id":"https:\/\/evhcc.org\/es\/product\/gold-sponsor\/#breadcrumb"},"inLanguage":"es","potentialAction":[{"@type":"ReadAction","target":["https:\/\/evhcc.org\/es\/product\/gold-sponsor\/"]}]},{"@type":"ImageObject","inLanguage":"es","@id":"https:\/\/evhcc.org\/es\/product\/gold-sponsor\/#primaryimage","url":"https:\/\/evhcc.org\/wp-content\/uploads\/2023\/06\/ORO.jpg","contentUrl":"https:\/\/evhcc.org\/wp-content\/uploads\/2023\/06\/ORO.jpg","width":466,"height":424},{"@type":"BreadcrumbList","@id":"https:\/\/evhcc.org\/es\/product\/gold-sponsor\/#breadcrumb","itemListElement":[{"@type":"ListItem","position":1,"name":"Home","item":"https:\/\/evhcc.org\/es\/"},{"@type":"ListItem","position":2,"name":"Shop","item":"https:\/\/evhcc.org\/shop\/"},{"@type":"ListItem","position":3,"name":"Gold Sponsor"}]},{"@type":"WebSite","@id":"https:\/\/evhcc.org\/es\/#website","url":"https:\/\/evhcc.org\/es\/","name":"EVHCC","description":"East Valley Hispanic Chamber of Commerce","publisher":{"@id":"https:\/\/evhcc.org\/es\/#organization"},"potentialAction":[{"@type":"SearchAction","target":{"@type":"EntryPoint","urlTemplate":"https:\/\/evhcc.org\/es\/?s={search_term_string}"},"query-input":{"@type":"PropertyValueSpecification","valueRequired":true,"valueName":"search_term_string"}}],"inLanguage":"es"},{"@type":"Organization","@id":"https:\/\/evhcc.org\/es\/#organization","name":"EAST VALLEY HISPANIC chamber of comerce","url":"https:\/\/evhcc.org\/es\/","logo":{"@type":"ImageObject","inLanguage":"es","@id":"https:\/\/evhcc.org\/es\/#\/schema\/logo\/image\/","url":"https:\/\/secureservercdn.net\/166.62.107.20\/g5g.a4e.myftpupload.com\/wp-content\/uploads\/2019\/01\/EVHCC-Logo-image-jpg-min.jpg?time=1636751545","contentUrl":"https:\/\/secureservercdn.net\/166.62.107.20\/g5g.a4e.myftpupload.com\/wp-content\/uploads\/2019\/01\/EVHCC-Logo-image-jpg-min.jpg?time=1636751545","width":190,"height":225,"caption":"EAST VALLEY HISPANIC chamber of comerce"},"image":{"@id":"https:\/\/evhcc.org\/es\/#\/schema\/logo\/image\/"},"sameAs":["https:\/\/www.facebook.com\/EVHCC\/","https:\/\/x.com\/MesaEVHCC"]}]}},"_links":{"self":[{"href":"https:\/\/evhcc.org\/es\/wp-json\/wp\/v2\/product\/79909","targetHints":{"allow":["GET"]}}],"collection":[{"href":"https:\/\/evhcc.org\/es\/wp-json\/wp\/v2\/product"}],"about":[{"href":"https:\/\/evhcc.org\/es\/wp-json\/wp\/v2\/types\/product"}],"replies":[{"embeddable":true,"href":"https:\/\/evhcc.org\/es\/wp-json\/wp\/v2\/comments?post=79909"}],"wp:featuredmedia":[{"embeddable":true,"href":"https:\/\/evhcc.org\/es\/wp-json\/wp\/v2\/media\/79912"}],"wp:attachment":[{"href":"https:\/\/evhcc.org\/es\/wp-json\/wp\/v2\/media?parent=79909"}],"wp:term":[{"taxonomy":"product_brand","embeddable":true,"href":"https:\/\/evhcc.org\/es\/wp-json\/wp\/v2\/product_brand?post=79909"},{"taxonomy":"product_cat","embeddable":true,"href":"https:\/\/evhcc.org\/es\/wp-json\/wp\/v2\/product_cat?post=79909"},{"taxonomy":"product_tag","embeddable":true,"href":"https:\/\/evhcc.org\/es\/wp-json\/wp\/v2\/product_tag?post=79909"}],"curies":[{"name":"wp","href":"https:\/\/api.w.org\/{rel}","templated":true}]}}