{"id":84358,"date":"2025-02-04T14:25:53","date_gmt":"2025-02-04T21:25:53","guid":{"rendered":"https:\/\/evhcc.org\/gracias-2\/"},"modified":"2025-04-08T13:13:50","modified_gmt":"2025-04-08T20:13:50","slug":"gracias-2","status":"publish","type":"page","link":"https:\/\/evhcc.org\/es\/gracias-2\/","title":{"rendered":"Gracias"},"content":{"rendered":"\t\t<div data-elementor-type=\"wp-page\" data-elementor-id=\"84358\" class=\"elementor elementor-84358 elementor-84132\" data-elementor-post-type=\"page\">\n\t\t\t\t<div class=\"elementor-element elementor-element-f6e3bac e-flex e-con-boxed e-con e-parent\" data-id=\"f6e3bac\" data-element_type=\"container\" data-settings=\"{&quot;background_background&quot;:&quot;classic&quot;}\">\n\t\t\t\t\t<div class=\"e-con-inner\">\n\t\t\t\t\t<\/div>\n\t\t\t\t<\/div>\n\t\t<div class=\"elementor-element elementor-element-503d0458 e-flex e-con-boxed e-con e-parent\" data-id=\"503d0458\" data-element_type=\"container\">\n\t\t\t\t\t<div class=\"e-con-inner\">\n\t\t<div class=\"elementor-element elementor-element-68e6de07 e-con-full e-flex e-con e-child\" data-id=\"68e6de07\" data-element_type=\"container\">\n\t\t\t\t<div class=\"elementor-element elementor-element-7ed6a411 elementor-widget elementor-widget-heading\" data-id=\"7ed6a411\" data-element_type=\"widget\" data-widget_type=\"heading.default\">\n\t\t\t\t<div class=\"elementor-widget-container\">\n\t\t\t\t\t<h1 class=\"elementor-heading-title elementor-size-default\">\u00a1Gracias por conectarte con nosotros!\n<\/h1>\t\t\t\t<\/div>\n\t\t\t\t<\/div>\n\t\t\t\t<div class=\"elementor-element elementor-element-3b26d74e elementor-widget elementor-widget-heading\" data-id=\"3b26d74e\" data-element_type=\"widget\" data-widget_type=\"heading.default\">\n\t\t\t\t<div class=\"elementor-widget-container\">\n\t\t\t\t\t<p class=\"elementor-heading-title elementor-size-default\"><b>Apreciamos tu apoyo<\/b><br><br>\n\u00a1Gracias por comunicarte con la C\u00e1mara de Comercio Hispana del East Valley! Tu participaci\u00f3n nos ayuda a continuar con nuestra misi\u00f3n de promover el crecimiento econ\u00f3mico y empoderar a los negocios en el East Valley.\n<br><br>Revisaremos tu mensaje y nos pondremos en contacto contigo lo antes posible. Mientras tanto, te invitamos a explorar nuestros programas, eventos y recursos para negocios.\n\n<\/p>\t\t\t\t<\/div>\n\t\t\t\t<\/div>\n\t\t\t\t<\/div>\n\t\t<div class=\"elementor-element elementor-element-59929130 e-con-full e-flex e-con e-child\" data-id=\"59929130\" data-element_type=\"container\">\n\t\t\t\t<div class=\"elementor-element elementor-element-1f985355 elementor-widget elementor-widget-image\" data-id=\"1f985355\" data-element_type=\"widget\" data-widget_type=\"image.default\">\n\t\t\t\t<div class=\"elementor-widget-container\">\n\t\t\t\t\t\t\t\t\t\t\t\t\t\t\t<img fetchpriority=\"high\" decoding=\"async\" width=\"1536\" height=\"1536\" src=\"https:\/\/evhcc.org\/wp-content\/uploads\/2024\/08\/Hispanic-Chamber-Logo-Vertical-HD-1536x1536.png\" class=\"attachment-1536x1536 size-1536x1536 wp-image-83236\" alt=\"\" srcset=\"https:\/\/evhcc.org\/wp-content\/uploads\/2024\/08\/Hispanic-Chamber-Logo-Vertical-HD-1536x1536.png 1536w, https:\/\/evhcc.org\/wp-content\/uploads\/2024\/08\/Hispanic-Chamber-Logo-Vertical-HD-300x300.png 300w, https:\/\/evhcc.org\/wp-content\/uploads\/2024\/08\/Hispanic-Chamber-Logo-Vertical-HD-1024x1024.png 1024w, https:\/\/evhcc.org\/wp-content\/uploads\/2024\/08\/Hispanic-Chamber-Logo-Vertical-HD-150x150.png 150w, https:\/\/evhcc.org\/wp-content\/uploads\/2024\/08\/Hispanic-Chamber-Logo-Vertical-HD-768x768.png 768w, https:\/\/evhcc.org\/wp-content\/uploads\/2024\/08\/Hispanic-Chamber-Logo-Vertical-HD-2048x2048.png 2048w, https:\/\/evhcc.org\/wp-content\/uploads\/2024\/08\/Hispanic-Chamber-Logo-Vertical-HD-1600x1600.png 1600w, https:\/\/evhcc.org\/wp-content\/uploads\/2024\/08\/Hispanic-Chamber-Logo-Vertical-HD-600x600.png 600w, https:\/\/evhcc.org\/wp-content\/uploads\/2024\/08\/Hispanic-Chamber-Logo-Vertical-HD-100x100.png 100w\" sizes=\"(max-width: 1536px) 100vw, 1536px\" \/>\t\t\t\t\t\t\t\t\t\t\t\t\t\t\t<\/div>\n\t\t\t\t<\/div>\n\t\t\t\t<\/div>\n\t\t\t\t\t<\/div>\n\t\t\t\t<\/div>\n\t\t<div class=\"elementor-element elementor-element-5f8e62a0 e-flex e-con-boxed e-con e-parent\" data-id=\"5f8e62a0\" data-element_type=\"container\" data-settings=\"{&quot;background_background&quot;:&quot;classic&quot;}\">\n\t\t\t\t\t<div class=\"e-con-inner\">\n\t\t\t\t\t<\/div>\n\t\t\t\t<\/div>\n\t\t\t\t<\/div>\n\t\t","protected":false},"excerpt":{"rendered":"<p>\u00a1Gracias por conectarte con nosotros! Apreciamos tu apoyo \u00a1Gracias por comunicarte con la C\u00e1mara de Comercio Hispana del East Valley!&hellip;<\/p>\n","protected":false},"author":7460,"featured_media":0,"parent":0,"menu_order":0,"comment_status":"closed","ping_status":"closed","template":"","meta":{"pmpro_default_level":"","footnotes":""},"class_list":["post-84358","page","type-page","status-publish","hentry","pmpro-has-access"],"yoast_head":"<!-- This site is optimized with the Yoast SEO Premium plugin v25.4 (Yoast SEO v26.8) - https:\/\/yoast.com\/product\/yoast-seo-premium-wordpress\/ -->\n<title>Gracias - EVHCC<\/title>\n<meta name=\"robots\" content=\"index, follow, max-snippet:-1, max-image-preview:large, max-video-preview:-1\" \/>\n<link rel=\"canonical\" href=\"https:\/\/evhcc.org\/es\/gracias-2\/\" \/>\n<meta property=\"og:locale\" content=\"es_ES\" \/>\n<meta property=\"og:type\" content=\"article\" \/>\n<meta property=\"og:title\" content=\"Gracias\" \/>\n<meta property=\"og:description\" content=\"\u00a1Gracias por conectarte con nosotros! Apreciamos tu apoyo \u00a1Gracias por comunicarte con la C\u00e1mara de Comercio Hispana del East Valley!&hellip;\" \/>\n<meta property=\"og:url\" content=\"https:\/\/evhcc.org\/es\/gracias-2\/\" \/>\n<meta property=\"og:site_name\" content=\"EVHCC\" \/>\n<meta property=\"article:publisher\" content=\"https:\/\/www.facebook.com\/EVHCC\/\" \/>\n<meta property=\"article:modified_time\" content=\"2025-04-08T20:13:50+00:00\" \/>\n<meta property=\"og:image\" content=\"https:\/\/evhcc.org\/wp-content\/uploads\/2024\/08\/Hispanic-Chamber-Logo-Vertical-HD.png\" \/>\n\t<meta property=\"og:image:width\" content=\"2400\" \/>\n\t<meta property=\"og:image:height\" content=\"2400\" \/>\n\t<meta property=\"og:image:type\" content=\"image\/png\" \/>\n<meta name=\"twitter:card\" content=\"summary_large_image\" \/>\n<meta name=\"twitter:site\" content=\"@MesaEVHCC\" \/>\n<script type=\"application\/ld+json\" class=\"yoast-schema-graph\">{\"@context\":\"https:\/\/schema.org\",\"@graph\":[{\"@type\":\"WebPage\",\"@id\":\"https:\/\/evhcc.org\/es\/gracias-2\/\",\"url\":\"https:\/\/evhcc.org\/es\/gracias-2\/\",\"name\":\"Gracias - EVHCC\",\"isPartOf\":{\"@id\":\"https:\/\/evhcc.org\/es\/#website\"},\"primaryImageOfPage\":{\"@id\":\"https:\/\/evhcc.org\/es\/gracias-2\/#primaryimage\"},\"image\":{\"@id\":\"https:\/\/evhcc.org\/es\/gracias-2\/#primaryimage\"},\"thumbnailUrl\":\"https:\/\/evhcc.org\/wp-content\/uploads\/2024\/08\/Hispanic-Chamber-Logo-Vertical-HD-1536x1536.png\",\"datePublished\":\"2025-02-04T21:25:53+00:00\",\"dateModified\":\"2025-04-08T20:13:50+00:00\",\"breadcrumb\":{\"@id\":\"https:\/\/evhcc.org\/es\/gracias-2\/#breadcrumb\"},\"inLanguage\":\"es\",\"potentialAction\":[{\"@type\":\"ReadAction\",\"target\":[\"https:\/\/evhcc.org\/es\/gracias-2\/\"]}]},{\"@type\":\"ImageObject\",\"inLanguage\":\"es\",\"@id\":\"https:\/\/evhcc.org\/es\/gracias-2\/#primaryimage\",\"url\":\"https:\/\/evhcc.org\/wp-content\/uploads\/2024\/08\/Hispanic-Chamber-Logo-Vertical-HD-1536x1536.png\",\"contentUrl\":\"https:\/\/evhcc.org\/wp-content\/uploads\/2024\/08\/Hispanic-Chamber-Logo-Vertical-HD-1536x1536.png\"},{\"@type\":\"BreadcrumbList\",\"@id\":\"https:\/\/evhcc.org\/es\/gracias-2\/#breadcrumb\",\"itemListElement\":[{\"@type\":\"ListItem\",\"position\":1,\"name\":\"Home\",\"item\":\"https:\/\/evhcc.org\/es\/\"},{\"@type\":\"ListItem\",\"position\":2,\"name\":\"Gracias\"}]},{\"@type\":\"WebSite\",\"@id\":\"https:\/\/evhcc.org\/es\/#website\",\"url\":\"https:\/\/evhcc.org\/es\/\",\"name\":\"EVHCC\",\"description\":\"East Valley Hispanic Chamber of Commerce\",\"publisher\":{\"@id\":\"https:\/\/evhcc.org\/es\/#organization\"},\"potentialAction\":[{\"@type\":\"SearchAction\",\"target\":{\"@type\":\"EntryPoint\",\"urlTemplate\":\"https:\/\/evhcc.org\/es\/?s={search_term_string}\"},\"query-input\":{\"@type\":\"PropertyValueSpecification\",\"valueRequired\":true,\"valueName\":\"search_term_string\"}}],\"inLanguage\":\"es\"},{\"@type\":\"Organization\",\"@id\":\"https:\/\/evhcc.org\/es\/#organization\",\"name\":\"EAST VALLEY HISPANIC chamber of comerce\",\"url\":\"https:\/\/evhcc.org\/es\/\",\"logo\":{\"@type\":\"ImageObject\",\"inLanguage\":\"es\",\"@id\":\"https:\/\/evhcc.org\/es\/#\/schema\/logo\/image\/\",\"url\":\"https:\/\/secureservercdn.net\/166.62.107.20\/g5g.a4e.myftpupload.com\/wp-content\/uploads\/2019\/01\/EVHCC-Logo-image-jpg-min.jpg?time=1636751545\",\"contentUrl\":\"https:\/\/secureservercdn.net\/166.62.107.20\/g5g.a4e.myftpupload.com\/wp-content\/uploads\/2019\/01\/EVHCC-Logo-image-jpg-min.jpg?time=1636751545\",\"width\":190,\"height\":225,\"caption\":\"EAST VALLEY HISPANIC chamber of comerce\"},\"image\":{\"@id\":\"https:\/\/evhcc.org\/es\/#\/schema\/logo\/image\/\"},\"sameAs\":[\"https:\/\/www.facebook.com\/EVHCC\/\",\"https:\/\/x.com\/MesaEVHCC\"]}]}<\/script>\n<!-- \/ Yoast SEO Premium plugin. -->","yoast_head_json":{"title":"Gracias - EVHCC","robots":{"index":"index","follow":"follow","max-snippet":"max-snippet:-1","max-image-preview":"max-image-preview:large","max-video-preview":"max-video-preview:-1"},"canonical":"https:\/\/evhcc.org\/es\/gracias-2\/","og_locale":"es_ES","og_type":"article","og_title":"Gracias","og_description":"\u00a1Gracias por conectarte con nosotros! Apreciamos tu apoyo \u00a1Gracias por comunicarte con la C\u00e1mara de Comercio Hispana del East Valley!&hellip;","og_url":"https:\/\/evhcc.org\/es\/gracias-2\/","og_site_name":"EVHCC","article_publisher":"https:\/\/www.facebook.com\/EVHCC\/","article_modified_time":"2025-04-08T20:13:50+00:00","og_image":[{"width":2400,"height":2400,"url":"https:\/\/evhcc.org\/wp-content\/uploads\/2024\/08\/Hispanic-Chamber-Logo-Vertical-HD.png","type":"image\/png"}],"twitter_card":"summary_large_image","twitter_site":"@MesaEVHCC","schema":{"@context":"https:\/\/schema.org","@graph":[{"@type":"WebPage","@id":"https:\/\/evhcc.org\/es\/gracias-2\/","url":"https:\/\/evhcc.org\/es\/gracias-2\/","name":"Gracias - EVHCC","isPartOf":{"@id":"https:\/\/evhcc.org\/es\/#website"},"primaryImageOfPage":{"@id":"https:\/\/evhcc.org\/es\/gracias-2\/#primaryimage"},"image":{"@id":"https:\/\/evhcc.org\/es\/gracias-2\/#primaryimage"},"thumbnailUrl":"https:\/\/evhcc.org\/wp-content\/uploads\/2024\/08\/Hispanic-Chamber-Logo-Vertical-HD-1536x1536.png","datePublished":"2025-02-04T21:25:53+00:00","dateModified":"2025-04-08T20:13:50+00:00","breadcrumb":{"@id":"https:\/\/evhcc.org\/es\/gracias-2\/#breadcrumb"},"inLanguage":"es","potentialAction":[{"@type":"ReadAction","target":["https:\/\/evhcc.org\/es\/gracias-2\/"]}]},{"@type":"ImageObject","inLanguage":"es","@id":"https:\/\/evhcc.org\/es\/gracias-2\/#primaryimage","url":"https:\/\/evhcc.org\/wp-content\/uploads\/2024\/08\/Hispanic-Chamber-Logo-Vertical-HD-1536x1536.png","contentUrl":"https:\/\/evhcc.org\/wp-content\/uploads\/2024\/08\/Hispanic-Chamber-Logo-Vertical-HD-1536x1536.png"},{"@type":"BreadcrumbList","@id":"https:\/\/evhcc.org\/es\/gracias-2\/#breadcrumb","itemListElement":[{"@type":"ListItem","position":1,"name":"Home","item":"https:\/\/evhcc.org\/es\/"},{"@type":"ListItem","position":2,"name":"Gracias"}]},{"@type":"WebSite","@id":"https:\/\/evhcc.org\/es\/#website","url":"https:\/\/evhcc.org\/es\/","name":"EVHCC","description":"East Valley Hispanic Chamber of Commerce","publisher":{"@id":"https:\/\/evhcc.org\/es\/#organization"},"potentialAction":[{"@type":"SearchAction","target":{"@type":"EntryPoint","urlTemplate":"https:\/\/evhcc.org\/es\/?s={search_term_string}"},"query-input":{"@type":"PropertyValueSpecification","valueRequired":true,"valueName":"search_term_string"}}],"inLanguage":"es"},{"@type":"Organization","@id":"https:\/\/evhcc.org\/es\/#organization","name":"EAST VALLEY HISPANIC chamber of comerce","url":"https:\/\/evhcc.org\/es\/","logo":{"@type":"ImageObject","inLanguage":"es","@id":"https:\/\/evhcc.org\/es\/#\/schema\/logo\/image\/","url":"https:\/\/secureservercdn.net\/166.62.107.20\/g5g.a4e.myftpupload.com\/wp-content\/uploads\/2019\/01\/EVHCC-Logo-image-jpg-min.jpg?time=1636751545","contentUrl":"https:\/\/secureservercdn.net\/166.62.107.20\/g5g.a4e.myftpupload.com\/wp-content\/uploads\/2019\/01\/EVHCC-Logo-image-jpg-min.jpg?time=1636751545","width":190,"height":225,"caption":"EAST VALLEY HISPANIC chamber of comerce"},"image":{"@id":"https:\/\/evhcc.org\/es\/#\/schema\/logo\/image\/"},"sameAs":["https:\/\/www.facebook.com\/EVHCC\/","https:\/\/x.com\/MesaEVHCC"]}]}},"_links":{"self":[{"href":"https:\/\/evhcc.org\/es\/wp-json\/wp\/v2\/pages\/84358","targetHints":{"allow":["GET"]}}],"collection":[{"href":"https:\/\/evhcc.org\/es\/wp-json\/wp\/v2\/pages"}],"about":[{"href":"https:\/\/evhcc.org\/es\/wp-json\/wp\/v2\/types\/page"}],"author":[{"embeddable":true,"href":"https:\/\/evhcc.org\/es\/wp-json\/wp\/v2\/users\/7460"}],"replies":[{"embeddable":true,"href":"https:\/\/evhcc.org\/es\/wp-json\/wp\/v2\/comments?post=84358"}],"version-history":[{"count":0,"href":"https:\/\/evhcc.org\/es\/wp-json\/wp\/v2\/pages\/84358\/revisions"}],"wp:attachment":[{"href":"https:\/\/evhcc.org\/es\/wp-json\/wp\/v2\/media?parent=84358"}],"curies":[{"name":"wp","href":"https:\/\/api.w.org\/{rel}","templated":true}]}}