{"id":84357,"date":"2024-06-19T14:26:44","date_gmt":"2024-06-19T21:26:44","guid":{"rendered":"https:\/\/evhcc.org\/gracias-programa-mesa-business-builder\/"},"modified":"2025-04-08T13:13:50","modified_gmt":"2025-04-08T20:13:50","slug":"gracias-programa-mesa-business-builder","status":"publish","type":"page","link":"https:\/\/evhcc.org\/es\/gracias-programa-mesa-business-builder\/","title":{"rendered":"Gracias &#8211; Programa Mesa Business Builder"},"content":{"rendered":"\t\t<div data-elementor-type=\"wp-page\" data-elementor-id=\"84357\" class=\"elementor elementor-84357 elementor-82972\" data-elementor-post-type=\"page\">\n\t\t\t\t<div class=\"elementor-element elementor-element-478967c e-flex e-con-boxed e-con e-parent\" data-id=\"478967c\" data-element_type=\"container\">\n\t\t\t\t\t<div class=\"e-con-inner\">\n\t\t<div class=\"elementor-element elementor-element-b78b969 e-con-full e-flex e-con e-child\" data-id=\"b78b969\" data-element_type=\"container\">\n\t\t\t\t<div class=\"elementor-element elementor-element-85333a7 elementor-widget elementor-widget-heading\" data-id=\"85333a7\" data-element_type=\"widget\" data-widget_type=\"heading.default\">\n\t\t\t\t<div class=\"elementor-widget-container\">\n\t\t\t\t\t<h2 class=\"elementor-heading-title elementor-size-default\">\u00a1Gracias por unirse al Programa Mesa Business Builder!\n<\/h2>\t\t\t\t<\/div>\n\t\t\t\t<\/div>\n\t\t\t\t<div class=\"elementor-element elementor-element-a6070bb elementor-widget elementor-widget-heading\" data-id=\"a6070bb\" data-element_type=\"widget\" data-widget_type=\"heading.default\">\n\t\t\t\t<div class=\"elementor-widget-container\">\n\t\t\t\t\t<h4 class=\"elementor-heading-title elementor-size-default\">Agradecemos su inter\u00e9s en hacer crecer su negocio con las herramientas del Mesa Business Builder. Su env\u00edo fue exitoso y estamos emocionados de apoyarlo en su camino hacia el \u00e9xito.\n\n<\/h4>\t\t\t\t<\/div>\n\t\t\t\t<\/div>\n\t\t\t\t<div class=\"elementor-element elementor-element-ed22428 elementor-widget elementor-widget-button\" data-id=\"ed22428\" data-element_type=\"widget\" data-widget_type=\"button.default\">\n\t\t\t\t<div class=\"elementor-widget-container\">\n\t\t\t\t\t\t\t\t\t<div class=\"elementor-button-wrapper\">\n\t\t\t\t\t<a class=\"elementor-button elementor-button-link elementor-size-sm\" href=\"https:\/\/evhcc.org\/es\/\">\n\t\t\t\t\t\t<span class=\"elementor-button-content-wrapper\">\n\t\t\t\t\t\t\t\t\t<span class=\"elementor-button-text\">Inicio<\/span>\n\t\t\t\t\t<\/span>\n\t\t\t\t\t<\/a>\n\t\t\t\t<\/div>\n\t\t\t\t\t\t\t\t<\/div>\n\t\t\t\t<\/div>\n\t\t\t\t<\/div>\n\t\t<div class=\"elementor-element elementor-element-619f0d2 e-con-full elementor-hidden-mobile e-flex e-con e-child\" data-id=\"619f0d2\" data-element_type=\"container\">\n\t\t\t\t<div class=\"elementor-element elementor-element-7bbb364 elementor-hidden-mobile elementor-widget elementor-widget-image\" data-id=\"7bbb364\" data-element_type=\"widget\" data-widget_type=\"image.default\">\n\t\t\t\t<div class=\"elementor-widget-container\">\n\t\t\t\t\t\t\t\t\t\t\t\t\t\t\t<img fetchpriority=\"high\" decoding=\"async\" width=\"688\" height=\"829\" src=\"https:\/\/evhcc.org\/wp-content\/uploads\/2024\/06\/Visit-Phoenix-Az-Chamber-of-Commerce-opt-m.jpeg\" class=\"attachment-large size-large wp-image-82985\" alt=\"Visit-Phoenix-Az-Chamber-of-Commerce-opt-m\" srcset=\"https:\/\/evhcc.org\/wp-content\/uploads\/2024\/06\/Visit-Phoenix-Az-Chamber-of-Commerce-opt-m.jpeg 768w, https:\/\/evhcc.org\/wp-content\/uploads\/2024\/06\/Visit-Phoenix-Az-Chamber-of-Commerce-opt-m-249x300.jpeg 249w, https:\/\/evhcc.org\/wp-content\/uploads\/2024\/06\/Visit-Phoenix-Az-Chamber-of-Commerce-opt-m-600x723.jpeg 600w\" sizes=\"(max-width: 688px) 100vw, 688px\" \/>\t\t\t\t\t\t\t\t\t\t\t\t\t\t\t<\/div>\n\t\t\t\t<\/div>\n\t\t\t\t<\/div>\n\t\t\t\t\t<\/div>\n\t\t\t\t<\/div>\n\t\t\t\t<\/div>\n\t\t","protected":false},"excerpt":{"rendered":"<p>\u00a1Gracias por unirse al Programa Mesa Business Builder! Agradecemos su inter\u00e9s en hacer crecer su negocio con las herramientas del&hellip;<\/p>\n","protected":false},"author":7460,"featured_media":0,"parent":0,"menu_order":0,"comment_status":"closed","ping_status":"closed","template":"","meta":{"pmpro_default_level":"","footnotes":""},"class_list":["post-84357","page","type-page","status-publish","hentry","pmpro-has-access"],"yoast_head":"<!-- This site is optimized with the Yoast SEO Premium plugin v25.4 (Yoast SEO v26.8) - https:\/\/yoast.com\/product\/yoast-seo-premium-wordpress\/ -->\n<title>Gracias - Programa Mesa Business Builder - EVHCC<\/title>\n<meta name=\"description\" content=\"La C\u00e1mara de Comercio Hispana del Valle del Este, en asociaci\u00f3n con la Ciudad de Mesa, le presenta el programa Mesa Business Builder para ayudarle a hacer crecer su negocio en Mesa.\" \/>\n<meta name=\"robots\" content=\"index, follow, max-snippet:-1, max-image-preview:large, max-video-preview:-1\" \/>\n<link rel=\"canonical\" href=\"https:\/\/evhcc.org\/es\/gracias-programa-mesa-business-builder\/\" \/>\n<meta property=\"og:locale\" content=\"es_ES\" \/>\n<meta property=\"og:type\" content=\"article\" \/>\n<meta property=\"og:title\" content=\"Gracias - Programa Mesa Business Builder\" \/>\n<meta property=\"og:description\" content=\"La C\u00e1mara de Comercio Hispana del Valle del Este, en asociaci\u00f3n con la Ciudad de Mesa, le presenta el programa Mesa Business Builder para ayudarle a hacer crecer su negocio en Mesa.\" \/>\n<meta property=\"og:url\" content=\"https:\/\/evhcc.org\/es\/gracias-programa-mesa-business-builder\/\" \/>\n<meta property=\"og:site_name\" content=\"EVHCC\" \/>\n<meta property=\"article:publisher\" content=\"https:\/\/www.facebook.com\/EVHCC\/\" \/>\n<meta property=\"article:modified_time\" content=\"2025-04-08T20:13:50+00:00\" \/>\n<meta property=\"og:image\" content=\"https:\/\/evhcc.org\/wp-content\/uploads\/2024\/06\/Visit-Phoenix-Az-Chamber-of-Commerce-opt-m.jpeg\" \/>\n\t<meta property=\"og:image:width\" content=\"768\" \/>\n\t<meta property=\"og:image:height\" content=\"925\" \/>\n\t<meta property=\"og:image:type\" content=\"image\/jpeg\" \/>\n<meta name=\"twitter:card\" content=\"summary_large_image\" \/>\n<meta name=\"twitter:site\" content=\"@MesaEVHCC\" \/>\n<script type=\"application\/ld+json\" class=\"yoast-schema-graph\">{\"@context\":\"https:\/\/schema.org\",\"@graph\":[{\"@type\":\"WebPage\",\"@id\":\"https:\/\/evhcc.org\/es\/gracias-programa-mesa-business-builder\/\",\"url\":\"https:\/\/evhcc.org\/es\/gracias-programa-mesa-business-builder\/\",\"name\":\"Gracias - Programa Mesa Business Builder - EVHCC\",\"isPartOf\":{\"@id\":\"https:\/\/evhcc.org\/es\/#website\"},\"primaryImageOfPage\":{\"@id\":\"https:\/\/evhcc.org\/es\/gracias-programa-mesa-business-builder\/#primaryimage\"},\"image\":{\"@id\":\"https:\/\/evhcc.org\/es\/gracias-programa-mesa-business-builder\/#primaryimage\"},\"thumbnailUrl\":\"https:\/\/evhcc.org\/wp-content\/uploads\/2024\/06\/Visit-Phoenix-Az-Chamber-of-Commerce-opt-m.jpeg\",\"datePublished\":\"2024-06-19T21:26:44+00:00\",\"dateModified\":\"2025-04-08T20:13:50+00:00\",\"description\":\"La C\u00e1mara de Comercio Hispana del Valle del Este, en asociaci\u00f3n con la Ciudad de Mesa, le presenta el programa Mesa Business Builder para ayudarle a hacer crecer su negocio en Mesa.\",\"breadcrumb\":{\"@id\":\"https:\/\/evhcc.org\/es\/gracias-programa-mesa-business-builder\/#breadcrumb\"},\"inLanguage\":\"es\",\"potentialAction\":[{\"@type\":\"ReadAction\",\"target\":[\"https:\/\/evhcc.org\/es\/gracias-programa-mesa-business-builder\/\"]}]},{\"@type\":\"ImageObject\",\"inLanguage\":\"es\",\"@id\":\"https:\/\/evhcc.org\/es\/gracias-programa-mesa-business-builder\/#primaryimage\",\"url\":\"https:\/\/evhcc.org\/wp-content\/uploads\/2024\/06\/Visit-Phoenix-Az-Chamber-of-Commerce-opt-m.jpeg\",\"contentUrl\":\"https:\/\/evhcc.org\/wp-content\/uploads\/2024\/06\/Visit-Phoenix-Az-Chamber-of-Commerce-opt-m.jpeg\"},{\"@type\":\"BreadcrumbList\",\"@id\":\"https:\/\/evhcc.org\/es\/gracias-programa-mesa-business-builder\/#breadcrumb\",\"itemListElement\":[{\"@type\":\"ListItem\",\"position\":1,\"name\":\"Home\",\"item\":\"https:\/\/evhcc.org\/es\/\"},{\"@type\":\"ListItem\",\"position\":2,\"name\":\"Gracias &#8211; Programa Mesa Business Builder\"}]},{\"@type\":\"WebSite\",\"@id\":\"https:\/\/evhcc.org\/es\/#website\",\"url\":\"https:\/\/evhcc.org\/es\/\",\"name\":\"EVHCC\",\"description\":\"East Valley Hispanic Chamber of Commerce\",\"publisher\":{\"@id\":\"https:\/\/evhcc.org\/es\/#organization\"},\"potentialAction\":[{\"@type\":\"SearchAction\",\"target\":{\"@type\":\"EntryPoint\",\"urlTemplate\":\"https:\/\/evhcc.org\/es\/?s={search_term_string}\"},\"query-input\":{\"@type\":\"PropertyValueSpecification\",\"valueRequired\":true,\"valueName\":\"search_term_string\"}}],\"inLanguage\":\"es\"},{\"@type\":\"Organization\",\"@id\":\"https:\/\/evhcc.org\/es\/#organization\",\"name\":\"EAST VALLEY HISPANIC chamber of comerce\",\"url\":\"https:\/\/evhcc.org\/es\/\",\"logo\":{\"@type\":\"ImageObject\",\"inLanguage\":\"es\",\"@id\":\"https:\/\/evhcc.org\/es\/#\/schema\/logo\/image\/\",\"url\":\"https:\/\/secureservercdn.net\/166.62.107.20\/g5g.a4e.myftpupload.com\/wp-content\/uploads\/2019\/01\/EVHCC-Logo-image-jpg-min.jpg?time=1636751545\",\"contentUrl\":\"https:\/\/secureservercdn.net\/166.62.107.20\/g5g.a4e.myftpupload.com\/wp-content\/uploads\/2019\/01\/EVHCC-Logo-image-jpg-min.jpg?time=1636751545\",\"width\":190,\"height\":225,\"caption\":\"EAST VALLEY HISPANIC chamber of comerce\"},\"image\":{\"@id\":\"https:\/\/evhcc.org\/es\/#\/schema\/logo\/image\/\"},\"sameAs\":[\"https:\/\/www.facebook.com\/EVHCC\/\",\"https:\/\/x.com\/MesaEVHCC\"]}]}<\/script>\n<!-- \/ Yoast SEO Premium plugin. -->","yoast_head_json":{"title":"Gracias - Programa Mesa Business Builder - EVHCC","description":"La C\u00e1mara de Comercio Hispana del Valle del Este, en asociaci\u00f3n con la Ciudad de Mesa, le presenta el programa Mesa Business Builder para ayudarle a hacer crecer su negocio en Mesa.","robots":{"index":"index","follow":"follow","max-snippet":"max-snippet:-1","max-image-preview":"max-image-preview:large","max-video-preview":"max-video-preview:-1"},"canonical":"https:\/\/evhcc.org\/es\/gracias-programa-mesa-business-builder\/","og_locale":"es_ES","og_type":"article","og_title":"Gracias - Programa Mesa Business Builder","og_description":"La C\u00e1mara de Comercio Hispana del Valle del Este, en asociaci\u00f3n con la Ciudad de Mesa, le presenta el programa Mesa Business Builder para ayudarle a hacer crecer su negocio en Mesa.","og_url":"https:\/\/evhcc.org\/es\/gracias-programa-mesa-business-builder\/","og_site_name":"EVHCC","article_publisher":"https:\/\/www.facebook.com\/EVHCC\/","article_modified_time":"2025-04-08T20:13:50+00:00","og_image":[{"width":768,"height":925,"url":"https:\/\/evhcc.org\/wp-content\/uploads\/2024\/06\/Visit-Phoenix-Az-Chamber-of-Commerce-opt-m.jpeg","type":"image\/jpeg"}],"twitter_card":"summary_large_image","twitter_site":"@MesaEVHCC","schema":{"@context":"https:\/\/schema.org","@graph":[{"@type":"WebPage","@id":"https:\/\/evhcc.org\/es\/gracias-programa-mesa-business-builder\/","url":"https:\/\/evhcc.org\/es\/gracias-programa-mesa-business-builder\/","name":"Gracias - Programa Mesa Business Builder - EVHCC","isPartOf":{"@id":"https:\/\/evhcc.org\/es\/#website"},"primaryImageOfPage":{"@id":"https:\/\/evhcc.org\/es\/gracias-programa-mesa-business-builder\/#primaryimage"},"image":{"@id":"https:\/\/evhcc.org\/es\/gracias-programa-mesa-business-builder\/#primaryimage"},"thumbnailUrl":"https:\/\/evhcc.org\/wp-content\/uploads\/2024\/06\/Visit-Phoenix-Az-Chamber-of-Commerce-opt-m.jpeg","datePublished":"2024-06-19T21:26:44+00:00","dateModified":"2025-04-08T20:13:50+00:00","description":"La C\u00e1mara de Comercio Hispana del Valle del Este, en asociaci\u00f3n con la Ciudad de Mesa, le presenta el programa Mesa Business Builder para ayudarle a hacer crecer su negocio en Mesa.","breadcrumb":{"@id":"https:\/\/evhcc.org\/es\/gracias-programa-mesa-business-builder\/#breadcrumb"},"inLanguage":"es","potentialAction":[{"@type":"ReadAction","target":["https:\/\/evhcc.org\/es\/gracias-programa-mesa-business-builder\/"]}]},{"@type":"ImageObject","inLanguage":"es","@id":"https:\/\/evhcc.org\/es\/gracias-programa-mesa-business-builder\/#primaryimage","url":"https:\/\/evhcc.org\/wp-content\/uploads\/2024\/06\/Visit-Phoenix-Az-Chamber-of-Commerce-opt-m.jpeg","contentUrl":"https:\/\/evhcc.org\/wp-content\/uploads\/2024\/06\/Visit-Phoenix-Az-Chamber-of-Commerce-opt-m.jpeg"},{"@type":"BreadcrumbList","@id":"https:\/\/evhcc.org\/es\/gracias-programa-mesa-business-builder\/#breadcrumb","itemListElement":[{"@type":"ListItem","position":1,"name":"Home","item":"https:\/\/evhcc.org\/es\/"},{"@type":"ListItem","position":2,"name":"Gracias &#8211; Programa Mesa Business Builder"}]},{"@type":"WebSite","@id":"https:\/\/evhcc.org\/es\/#website","url":"https:\/\/evhcc.org\/es\/","name":"EVHCC","description":"East Valley Hispanic Chamber of Commerce","publisher":{"@id":"https:\/\/evhcc.org\/es\/#organization"},"potentialAction":[{"@type":"SearchAction","target":{"@type":"EntryPoint","urlTemplate":"https:\/\/evhcc.org\/es\/?s={search_term_string}"},"query-input":{"@type":"PropertyValueSpecification","valueRequired":true,"valueName":"search_term_string"}}],"inLanguage":"es"},{"@type":"Organization","@id":"https:\/\/evhcc.org\/es\/#organization","name":"EAST VALLEY HISPANIC chamber of comerce","url":"https:\/\/evhcc.org\/es\/","logo":{"@type":"ImageObject","inLanguage":"es","@id":"https:\/\/evhcc.org\/es\/#\/schema\/logo\/image\/","url":"https:\/\/secureservercdn.net\/166.62.107.20\/g5g.a4e.myftpupload.com\/wp-content\/uploads\/2019\/01\/EVHCC-Logo-image-jpg-min.jpg?time=1636751545","contentUrl":"https:\/\/secureservercdn.net\/166.62.107.20\/g5g.a4e.myftpupload.com\/wp-content\/uploads\/2019\/01\/EVHCC-Logo-image-jpg-min.jpg?time=1636751545","width":190,"height":225,"caption":"EAST VALLEY HISPANIC chamber of comerce"},"image":{"@id":"https:\/\/evhcc.org\/es\/#\/schema\/logo\/image\/"},"sameAs":["https:\/\/www.facebook.com\/EVHCC\/","https:\/\/x.com\/MesaEVHCC"]}]}},"_links":{"self":[{"href":"https:\/\/evhcc.org\/es\/wp-json\/wp\/v2\/pages\/84357","targetHints":{"allow":["GET"]}}],"collection":[{"href":"https:\/\/evhcc.org\/es\/wp-json\/wp\/v2\/pages"}],"about":[{"href":"https:\/\/evhcc.org\/es\/wp-json\/wp\/v2\/types\/page"}],"author":[{"embeddable":true,"href":"https:\/\/evhcc.org\/es\/wp-json\/wp\/v2\/users\/7460"}],"replies":[{"embeddable":true,"href":"https:\/\/evhcc.org\/es\/wp-json\/wp\/v2\/comments?post=84357"}],"version-history":[{"count":0,"href":"https:\/\/evhcc.org\/es\/wp-json\/wp\/v2\/pages\/84357\/revisions"}],"wp:attachment":[{"href":"https:\/\/evhcc.org\/es\/wp-json\/wp\/v2\/media?parent=84357"}],"curies":[{"name":"wp","href":"https:\/\/api.w.org\/{rel}","templated":true}]}}