{"id":78094,"date":"2019-03-04T15:46:45","date_gmt":"2019-03-04T22:46:45","guid":{"rendered":"https:\/\/evhcc.org\/programa-de-becarios-de-steam\/"},"modified":"2022-05-19T10:03:43","modified_gmt":"2022-05-19T17:03:43","slug":"programa-de-becarios-de-steam","status":"publish","type":"page","link":"https:\/\/evhcc.org\/es\/programa-de-becarios-de-steam\/","title":{"rendered":"Programa de becarios de Steam"},"content":{"rendered":"\t\t<div data-elementor-type=\"wp-post\" data-elementor-id=\"78094\" class=\"elementor elementor-78094 elementor-1876\" data-elementor-post-type=\"page\">\n\t\t\t\t\t\t<section class=\"elementor-section elementor-top-section elementor-element elementor-element-e49fb52 elementor-section-height-min-height elementor-section-boxed elementor-section-height-default elementor-section-items-middle\" data-id=\"e49fb52\" data-element_type=\"section\" data-settings=\"{&quot;background_background&quot;:&quot;classic&quot;}\">\n\t\t\t\t\t\t\t<div class=\"elementor-background-overlay\"><\/div>\n\t\t\t\t\t\t\t<div class=\"elementor-container elementor-column-gap-default\">\n\t\t\t\t\t<div class=\"elementor-column elementor-col-100 elementor-top-column elementor-element elementor-element-88ecb11\" data-id=\"88ecb11\" data-element_type=\"column\">\n\t\t\t<div class=\"elementor-widget-wrap elementor-element-populated\">\n\t\t\t\t\t\t<div class=\"elementor-element elementor-element-75f8ad1 elementor-widget elementor-widget-heading\" data-id=\"75f8ad1\" data-element_type=\"widget\" data-widget_type=\"heading.default\">\n\t\t\t\t<div class=\"elementor-widget-container\">\n\t\t\t\t\t<h1 class=\"elementor-heading-title elementor-size-xl\">Programa de becarios de Steam<\/h1>\t\t\t\t<\/div>\n\t\t\t\t<\/div>\n\t\t\t\t\t<\/div>\n\t\t<\/div>\n\t\t\t\t\t<\/div>\n\t\t<\/section>\n\t\t\t\t<section class=\"elementor-section elementor-top-section elementor-element elementor-element-33d1282 elementor-section-height-min-height elementor-section-boxed elementor-section-height-default elementor-section-items-middle\" data-id=\"33d1282\" data-element_type=\"section\" data-settings=\"{&quot;shape_divider_bottom&quot;:&quot;curve-asymmetrical&quot;,&quot;shape_divider_bottom_negative&quot;:&quot;yes&quot;,&quot;background_background&quot;:&quot;classic&quot;}\">\n\t\t\t\t\t<div class=\"elementor-shape elementor-shape-bottom\" aria-hidden=\"true\" data-negative=\"true\">\n\t\t\t<svg xmlns=\"http:\/\/www.w3.org\/2000\/svg\" viewBox=\"0 0 1000 100\" preserveAspectRatio=\"none\">\n\t<path class=\"elementor-shape-fill\" d=\"M615.2,96.7C240.2,97.8,0,18.9,0,0v100h1000V0C1000,19.2,989.8,96,615.2,96.7z\"\/>\n<\/svg>\t\t<\/div>\n\t\t\t\t\t<div class=\"elementor-container elementor-column-gap-default\">\n\t\t\t\t\t<div class=\"elementor-column elementor-col-50 elementor-top-column elementor-element elementor-element-3943767\" data-id=\"3943767\" data-element_type=\"column\">\n\t\t\t<div class=\"elementor-widget-wrap elementor-element-populated\">\n\t\t\t\t\t\t<div class=\"elementor-element elementor-element-61c5401 elementor-widget elementor-widget-image-gallery\" data-id=\"61c5401\" data-element_type=\"widget\" data-widget_type=\"image-gallery.default\">\n\t\t\t\t<div class=\"elementor-widget-container\">\n\t\t\t\t\t\t\t<div class=\"elementor-image-gallery\">\n\t\t\t<div id='gallery-1' class='gallery galleryid-78094 gallery-columns-1 gallery-size-full'><figure class='gallery-item'>\n\t\t\t<div class='gallery-icon portrait'>\n\t\t\t\t<a data-elementor-open-lightbox=\"yes\" data-elementor-lightbox-slideshow=\"61c5401\" data-elementor-lightbox-title=\"EVHCC STEAM Logo 800\" data-e-action-hash=\"#elementor-action%3Aaction%3Dlightbox%26settings%3DeyJpZCI6MTg3OSwidXJsIjoiaHR0cHM6XC9cL2V2aGNjLm9yZ1wvd3AtY29udGVudFwvdXBsb2Fkc1wvMjAxOVwvMDNcL0VWSENDLVNURUFNLUxvZ28tODAwLmpwZyIsInNsaWRlc2hvdyI6IjYxYzU0MDEifQ%3D%3D\" href='https:\/\/evhcc.org\/wp-content\/uploads\/2019\/03\/EVHCC-STEAM-Logo-800.jpg'><img fetchpriority=\"high\" decoding=\"async\" width=\"800\" height=\"1116\" src=\"https:\/\/evhcc.org\/wp-content\/uploads\/2019\/03\/EVHCC-STEAM-Logo-800.jpg\" class=\"attachment-full size-full\" alt=\"EVHCC STEAM Logo 800\" srcset=\"https:\/\/evhcc.org\/wp-content\/uploads\/2019\/03\/EVHCC-STEAM-Logo-800.jpg 800w, https:\/\/evhcc.org\/wp-content\/uploads\/2019\/03\/EVHCC-STEAM-Logo-800-215x300.jpg 215w, https:\/\/evhcc.org\/wp-content\/uploads\/2019\/03\/EVHCC-STEAM-Logo-800-768x1071.jpg 768w, https:\/\/evhcc.org\/wp-content\/uploads\/2019\/03\/EVHCC-STEAM-Logo-800-734x1024.jpg 734w, https:\/\/evhcc.org\/wp-content\/uploads\/2019\/03\/EVHCC-STEAM-Logo-800-600x837.jpg 600w\" sizes=\"(max-width: 800px) 100vw, 800px\" \/><\/a>\n\t\t\t<\/div><\/figure>\n\t\t<\/div>\n\t\t<\/div>\n\t\t\t\t\t\t<\/div>\n\t\t\t\t<\/div>\n\t\t\t\t\t<\/div>\n\t\t<\/div>\n\t\t\t\t<div class=\"elementor-column elementor-col-50 elementor-top-column elementor-element elementor-element-1d3a11b\" data-id=\"1d3a11b\" data-element_type=\"column\">\n\t\t\t<div class=\"elementor-widget-wrap elementor-element-populated\">\n\t\t\t\t\t\t<div class=\"elementor-element elementor-element-0f1e19a elementor-widget elementor-widget-image\" data-id=\"0f1e19a\" data-element_type=\"widget\" data-widget_type=\"image.default\">\n\t\t\t\t<div class=\"elementor-widget-container\">\n\t\t\t\t\t\t\t\t\t\t\t\t\t\t\t<img decoding=\"async\" width=\"500\" height=\"179\" src=\"https:\/\/evhcc.org\/wp-content\/uploads\/2019\/03\/EVHCC-FOUNDATION-LOGO-2018-500.png\" class=\"attachment-full size-full wp-image-1917\" alt=\"EVHCC FOUNDATION LOGO - 2018-500\" srcset=\"https:\/\/evhcc.org\/wp-content\/uploads\/2019\/03\/EVHCC-FOUNDATION-LOGO-2018-500.png 500w, https:\/\/evhcc.org\/wp-content\/uploads\/2019\/03\/EVHCC-FOUNDATION-LOGO-2018-500-300x107.png 300w\" sizes=\"(max-width: 500px) 100vw, 500px\" \/>\t\t\t\t\t\t\t\t\t\t\t\t\t\t\t<\/div>\n\t\t\t\t<\/div>\n\t\t\t\t<div class=\"elementor-element elementor-element-c0a6650 elementor-widget elementor-widget-text-editor\" data-id=\"c0a6650\" data-element_type=\"widget\" data-widget_type=\"text-editor.default\">\n\t\t\t\t<div class=\"elementor-widget-container\">\n\t\t\t\t\t\t\t\t\t<p>La C\u00e1mara de Comercio Hispana de East Valley (EVHCC) se complace en patrocinar el Programa de Becarios STEAM. Este proyecto se financia a trav\u00e9s de subvenciones, patrocinios y servicios y contribuciones en especie. Nuestro proyecto es un programa de enriquecimiento acad\u00e9mico para estudiantes de escuelas p\u00fablicas, introduci\u00e9ndolos al campo de la Ciencia, Tecnolog\u00eda, Ingenier\u00eda, Artes y Matem\u00e1ticas. En asociaci\u00f3n con las escuelas p\u00fablicas, los estudiantes son seleccionados, presentados a nuestro programa y se les ofrece la oportunidad de explorar oportunidades profesionales en el campo STEAM.<\/p>\t\t\t\t\t\t\t\t<\/div>\n\t\t\t\t<\/div>\n\t\t\t\t<div class=\"elementor-element elementor-element-7e37004 elementor-widget elementor-widget-text-editor\" data-id=\"7e37004\" data-element_type=\"widget\" data-widget_type=\"text-editor.default\">\n\t\t\t\t<div class=\"elementor-widget-container\">\n\t\t\t\t\t\t\t\t\t<p>Como C\u00e1mara, nuestro enfoque es desarrollar la futura fuerza laboral del ma\u00f1ana y comprometer, identificar y asesorar a nuestros futuros l\u00edderes. Nuestro programa tiene tres componentes, <strong>un instituto pr\u00e1ctico de verano de cuatro semanas, un programa de tutor\u00eda y un programa de becas.<\/strong> <\/p>\t\t\t\t\t\t\t\t<\/div>\n\t\t\t\t<\/div>\n\t\t\t\t\t<\/div>\n\t\t<\/div>\n\t\t\t\t\t<\/div>\n\t\t<\/section>\n\t\t\t\t<section class=\"elementor-section elementor-top-section elementor-element elementor-element-f20176d elementor-section-height-min-height elementor-section-boxed elementor-section-height-default elementor-section-items-middle\" data-id=\"f20176d\" data-element_type=\"section\" data-settings=\"{&quot;background_background&quot;:&quot;classic&quot;}\">\n\t\t\t\t\t\t\t<div class=\"elementor-background-overlay\"><\/div>\n\t\t\t\t\t\t\t<div class=\"elementor-container elementor-column-gap-default\">\n\t\t\t\t\t<div class=\"elementor-column elementor-col-100 elementor-top-column elementor-element elementor-element-f79e7bf\" data-id=\"f79e7bf\" data-element_type=\"column\">\n\t\t\t<div class=\"elementor-widget-wrap elementor-element-populated\">\n\t\t\t\t\t\t<div class=\"elementor-element elementor-element-df46674 elementor-widget elementor-widget-heading\" data-id=\"df46674\" data-element_type=\"widget\" data-widget_type=\"heading.default\">\n\t\t\t\t<div class=\"elementor-widget-container\">\n\t\t\t\t\t<h2 class=\"elementor-heading-title elementor-size-default\">El Instituto de Verano<\/h2>\t\t\t\t<\/div>\n\t\t\t\t<\/div>\n\t\t\t\t<div class=\"elementor-element elementor-element-1eda31b elementor-widget elementor-widget-text-editor\" data-id=\"1eda31b\" data-element_type=\"widget\" data-widget_type=\"text-editor.default\">\n\t\t\t\t<div class=\"elementor-widget-container\">\n\t\t\t\t\t\t\t\t\t<p><strong>El instituto de verano<\/strong> se compone de actividades, recorridos y presentaciones de varias organizaciones en los campos de la ciencia, la tecnolog\u00eda, la ingenier\u00eda, las artes o las matem\u00e1ticas. Los administradores de las escuelas p\u00fablicas seleccionan a los j\u00f3venes y los estudiantes participan voluntariamente. Los j\u00f3venes y los padres tambi\u00e9n reciben tutor\u00eda, presentaciones y conexiones con los procesos y oportunidades de becas.<\/p>\t\t\t\t\t\t\t\t<\/div>\n\t\t\t\t<\/div>\n\t\t\t\t\t<\/div>\n\t\t<\/div>\n\t\t\t\t\t<\/div>\n\t\t<\/section>\n\t\t\t\t<section class=\"elementor-section elementor-top-section elementor-element elementor-element-bfabed5 elementor-section-height-min-height elementor-section-boxed elementor-section-height-default elementor-section-items-middle\" data-id=\"bfabed5\" data-element_type=\"section\" data-settings=\"{&quot;shape_divider_bottom&quot;:&quot;pyramids&quot;,&quot;background_background&quot;:&quot;classic&quot;}\">\n\t\t\t\t\t<div class=\"elementor-shape elementor-shape-bottom\" aria-hidden=\"true\" data-negative=\"false\">\n\t\t\t<svg xmlns=\"http:\/\/www.w3.org\/2000\/svg\" viewBox=\"0 0 1000 100\" preserveAspectRatio=\"none\">\n\t<path class=\"elementor-shape-fill\" d=\"M761.9,44.1L643.1,27.2L333.8,98L0,3.8V0l1000,0v3.9\"\/>\n<\/svg>\t\t<\/div>\n\t\t\t\t\t<div class=\"elementor-container elementor-column-gap-default\">\n\t\t\t\t\t<div class=\"elementor-column elementor-col-100 elementor-top-column elementor-element elementor-element-35a5313\" data-id=\"35a5313\" data-element_type=\"column\">\n\t\t\t<div class=\"elementor-widget-wrap elementor-element-populated\">\n\t\t\t\t\t\t<div class=\"elementor-element elementor-element-c5a46ed elementor-widget elementor-widget-heading\" data-id=\"c5a46ed\" data-element_type=\"widget\" data-widget_type=\"heading.default\">\n\t\t\t\t<div class=\"elementor-widget-container\">\n\t\t\t\t\t<h2 class=\"elementor-heading-title elementor-size-default\">El programa de tutor\u00eda.<\/h2>\t\t\t\t<\/div>\n\t\t\t\t<\/div>\n\t\t\t\t<div class=\"elementor-element elementor-element-094dc0c elementor-widget elementor-widget-text-editor\" data-id=\"094dc0c\" data-element_type=\"widget\" data-widget_type=\"text-editor.default\">\n\t\t\t\t<div class=\"elementor-widget-container\">\n\t\t\t\t\t\t\t\t\t<p><strong>El programa de tutor\u00eda<\/strong>incluye tutor\u00eda para adultos y j\u00f3venes. Los estudiantes que hayan participado anteriormente en el instituto STEAM, que forman parte de socios locales en los campos mencionados anteriormente, compartir\u00e1n su conocimiento y pasi\u00f3n para despertar la creatividad y el inter\u00e9s de los estudiantes para aumentar la competencia y las tasas de graduaci\u00f3n a tiempo. Los mentores involucrar\u00e1n a nuestros estudiantes y sus padres, establecer\u00e1n metas y apoyar\u00e1n a nuestros estudiantes y padres a medida que nuestros estudiantes progresen en la escuela secundaria y entren en la universidad.<\/p>\t\t\t\t\t\t\t\t<\/div>\n\t\t\t\t<\/div>\n\t\t\t\t\t<\/div>\n\t\t<\/div>\n\t\t\t\t\t<\/div>\n\t\t<\/section>\n\t\t\t\t<section class=\"elementor-section elementor-top-section elementor-element elementor-element-ff164c7 elementor-section-height-min-height elementor-section-boxed elementor-section-height-default elementor-section-items-middle\" data-id=\"ff164c7\" data-element_type=\"section\" data-settings=\"{&quot;background_background&quot;:&quot;classic&quot;}\">\n\t\t\t\t\t\t\t<div class=\"elementor-background-overlay\"><\/div>\n\t\t\t\t\t\t\t<div class=\"elementor-container elementor-column-gap-default\">\n\t\t\t\t\t<div class=\"elementor-column elementor-col-100 elementor-top-column elementor-element elementor-element-d6b4fa6\" data-id=\"d6b4fa6\" data-element_type=\"column\">\n\t\t\t<div class=\"elementor-widget-wrap elementor-element-populated\">\n\t\t\t\t\t\t<div class=\"elementor-element elementor-element-88568d4 elementor-widget elementor-widget-heading\" data-id=\"88568d4\" data-element_type=\"widget\" data-widget_type=\"heading.default\">\n\t\t\t\t<div class=\"elementor-widget-container\">\n\t\t\t\t\t<h2 class=\"elementor-heading-title elementor-size-default\">El programa de becas<\/h2>\t\t\t\t<\/div>\n\t\t\t\t<\/div>\n\t\t\t\t<div class=\"elementor-element elementor-element-716e059 elementor-widget elementor-widget-text-editor\" data-id=\"716e059\" data-element_type=\"widget\" data-widget_type=\"text-editor.default\">\n\t\t\t\t<div class=\"elementor-widget-container\">\n\t\t\t\t\t\t\t\t\t<p><strong>El programa de becas<\/strong>brinda incentivos financieros a nuestros estudiantes y padres para apoyar a\u00fan m\u00e1s la graduaci\u00f3n de la escuela secundaria y la preparaci\u00f3n para la universidad. A trav\u00e9s de iniciativas de recaudaci\u00f3n de fondos de EVHCC y colaboraciones con otras organizaciones, se recaudan fondos para otorgar becas para j\u00f3venes.<br>Los estudiantes seleccionados reciben becas basadas en la participaci\u00f3n en el instituto de verano, el liderazgo demostrado, la asistencia a la escuela y los esfuerzos y logros acad\u00e9micos.<\/p>\t\t\t\t\t\t\t\t<\/div>\n\t\t\t\t<\/div>\n\t\t\t\t\t<\/div>\n\t\t<\/div>\n\t\t\t\t\t<\/div>\n\t\t<\/section>\n\t\t\t\t<\/div>\n\t\t","protected":false},"excerpt":{"rendered":"<p>Programa de becarios de Steam La C\u00e1mara de Comercio Hispana de East Valley (EVHCC) se complace en patrocinar el Programa&hellip;<\/p>\n","protected":false},"author":1,"featured_media":78090,"parent":0,"menu_order":0,"comment_status":"closed","ping_status":"closed","template":"elementor_header_footer","meta":{"pmpro_default_level":"","footnotes":""},"class_list":["post-78094","page","type-page","status-publish","has-post-thumbnail","hentry","pmpro-has-access"],"yoast_head":"<!-- This site is optimized with the Yoast SEO Premium plugin v25.4 (Yoast SEO v26.8) - https:\/\/yoast.com\/product\/yoast-seo-premium-wordpress\/ -->\n<title>Programa de becarios de Steam - EVHCC<\/title>\n<meta name=\"robots\" content=\"index, follow, max-snippet:-1, max-image-preview:large, max-video-preview:-1\" \/>\n<link rel=\"canonical\" href=\"https:\/\/evhcc.org\/es\/programa-de-becarios-de-steam\/\" \/>\n<meta property=\"og:locale\" content=\"es_ES\" \/>\n<meta property=\"og:type\" content=\"article\" \/>\n<meta property=\"og:title\" content=\"Programa de becarios de Steam\" \/>\n<meta property=\"og:description\" content=\"Programa de becarios de Steam La C\u00e1mara de Comercio Hispana de East Valley (EVHCC) se complace en patrocinar el Programa&hellip;\" \/>\n<meta property=\"og:url\" content=\"https:\/\/evhcc.org\/es\/programa-de-becarios-de-steam\/\" \/>\n<meta property=\"og:site_name\" content=\"EVHCC\" \/>\n<meta property=\"article:publisher\" content=\"https:\/\/www.facebook.com\/EVHCC\/\" \/>\n<meta property=\"article:modified_time\" content=\"2022-05-19T17:03:43+00:00\" \/>\n<meta property=\"og:image\" content=\"https:\/\/evhcc.org\/wp-content\/uploads\/2019\/03\/tim-gouw-69753-unsplash.jpg\" \/>\n\t<meta property=\"og:image:width\" content=\"1080\" \/>\n\t<meta property=\"og:image:height\" content=\"722\" \/>\n\t<meta property=\"og:image:type\" content=\"image\/jpeg\" \/>\n<meta name=\"twitter:card\" content=\"summary_large_image\" \/>\n<meta name=\"twitter:site\" content=\"@MesaEVHCC\" \/>\n<meta name=\"twitter:label1\" content=\"Tiempo de lectura\" \/>\n\t<meta name=\"twitter:data1\" content=\"2 minutos\" \/>\n<script type=\"application\/ld+json\" class=\"yoast-schema-graph\">{\"@context\":\"https:\/\/schema.org\",\"@graph\":[{\"@type\":\"WebPage\",\"@id\":\"https:\/\/evhcc.org\/es\/programa-de-becarios-de-steam\/\",\"url\":\"https:\/\/evhcc.org\/es\/programa-de-becarios-de-steam\/\",\"name\":\"Programa de becarios de Steam - EVHCC\",\"isPartOf\":{\"@id\":\"https:\/\/evhcc.org\/es\/#website\"},\"primaryImageOfPage\":{\"@id\":\"https:\/\/evhcc.org\/es\/programa-de-becarios-de-steam\/#primaryimage\"},\"image\":{\"@id\":\"https:\/\/evhcc.org\/es\/programa-de-becarios-de-steam\/#primaryimage\"},\"thumbnailUrl\":\"https:\/\/evhcc.org\/wp-content\/uploads\/2019\/03\/tim-gouw-69753-unsplash.jpg\",\"datePublished\":\"2019-03-04T22:46:45+00:00\",\"dateModified\":\"2022-05-19T17:03:43+00:00\",\"breadcrumb\":{\"@id\":\"https:\/\/evhcc.org\/es\/programa-de-becarios-de-steam\/#breadcrumb\"},\"inLanguage\":\"es\",\"potentialAction\":[{\"@type\":\"ReadAction\",\"target\":[\"https:\/\/evhcc.org\/es\/programa-de-becarios-de-steam\/\"]}]},{\"@type\":\"ImageObject\",\"inLanguage\":\"es\",\"@id\":\"https:\/\/evhcc.org\/es\/programa-de-becarios-de-steam\/#primaryimage\",\"url\":\"https:\/\/evhcc.org\/wp-content\/uploads\/2019\/03\/tim-gouw-69753-unsplash.jpg\",\"contentUrl\":\"https:\/\/evhcc.org\/wp-content\/uploads\/2019\/03\/tim-gouw-69753-unsplash.jpg\",\"width\":1080,\"height\":722},{\"@type\":\"BreadcrumbList\",\"@id\":\"https:\/\/evhcc.org\/es\/programa-de-becarios-de-steam\/#breadcrumb\",\"itemListElement\":[{\"@type\":\"ListItem\",\"position\":1,\"name\":\"Home\",\"item\":\"https:\/\/evhcc.org\/es\/\"},{\"@type\":\"ListItem\",\"position\":2,\"name\":\"Programa de becarios de Steam\"}]},{\"@type\":\"WebSite\",\"@id\":\"https:\/\/evhcc.org\/es\/#website\",\"url\":\"https:\/\/evhcc.org\/es\/\",\"name\":\"EVHCC\",\"description\":\"East Valley Hispanic Chamber of Commerce\",\"publisher\":{\"@id\":\"https:\/\/evhcc.org\/es\/#organization\"},\"potentialAction\":[{\"@type\":\"SearchAction\",\"target\":{\"@type\":\"EntryPoint\",\"urlTemplate\":\"https:\/\/evhcc.org\/es\/?s={search_term_string}\"},\"query-input\":{\"@type\":\"PropertyValueSpecification\",\"valueRequired\":true,\"valueName\":\"search_term_string\"}}],\"inLanguage\":\"es\"},{\"@type\":\"Organization\",\"@id\":\"https:\/\/evhcc.org\/es\/#organization\",\"name\":\"EAST VALLEY HISPANIC chamber of comerce\",\"url\":\"https:\/\/evhcc.org\/es\/\",\"logo\":{\"@type\":\"ImageObject\",\"inLanguage\":\"es\",\"@id\":\"https:\/\/evhcc.org\/es\/#\/schema\/logo\/image\/\",\"url\":\"https:\/\/secureservercdn.net\/166.62.107.20\/g5g.a4e.myftpupload.com\/wp-content\/uploads\/2019\/01\/EVHCC-Logo-image-jpg-min.jpg?time=1636751545\",\"contentUrl\":\"https:\/\/secureservercdn.net\/166.62.107.20\/g5g.a4e.myftpupload.com\/wp-content\/uploads\/2019\/01\/EVHCC-Logo-image-jpg-min.jpg?time=1636751545\",\"width\":190,\"height\":225,\"caption\":\"EAST VALLEY HISPANIC chamber of comerce\"},\"image\":{\"@id\":\"https:\/\/evhcc.org\/es\/#\/schema\/logo\/image\/\"},\"sameAs\":[\"https:\/\/www.facebook.com\/EVHCC\/\",\"https:\/\/x.com\/MesaEVHCC\"]}]}<\/script>\n<!-- \/ Yoast SEO Premium plugin. -->","yoast_head_json":{"title":"Programa de becarios de Steam - EVHCC","robots":{"index":"index","follow":"follow","max-snippet":"max-snippet:-1","max-image-preview":"max-image-preview:large","max-video-preview":"max-video-preview:-1"},"canonical":"https:\/\/evhcc.org\/es\/programa-de-becarios-de-steam\/","og_locale":"es_ES","og_type":"article","og_title":"Programa de becarios de Steam","og_description":"Programa de becarios de Steam La C\u00e1mara de Comercio Hispana de East Valley (EVHCC) se complace en patrocinar el Programa&hellip;","og_url":"https:\/\/evhcc.org\/es\/programa-de-becarios-de-steam\/","og_site_name":"EVHCC","article_publisher":"https:\/\/www.facebook.com\/EVHCC\/","article_modified_time":"2022-05-19T17:03:43+00:00","og_image":[{"width":1080,"height":722,"url":"https:\/\/evhcc.org\/wp-content\/uploads\/2019\/03\/tim-gouw-69753-unsplash.jpg","type":"image\/jpeg"}],"twitter_card":"summary_large_image","twitter_site":"@MesaEVHCC","twitter_misc":{"Tiempo de lectura":"2 minutos"},"schema":{"@context":"https:\/\/schema.org","@graph":[{"@type":"WebPage","@id":"https:\/\/evhcc.org\/es\/programa-de-becarios-de-steam\/","url":"https:\/\/evhcc.org\/es\/programa-de-becarios-de-steam\/","name":"Programa de becarios de Steam - EVHCC","isPartOf":{"@id":"https:\/\/evhcc.org\/es\/#website"},"primaryImageOfPage":{"@id":"https:\/\/evhcc.org\/es\/programa-de-becarios-de-steam\/#primaryimage"},"image":{"@id":"https:\/\/evhcc.org\/es\/programa-de-becarios-de-steam\/#primaryimage"},"thumbnailUrl":"https:\/\/evhcc.org\/wp-content\/uploads\/2019\/03\/tim-gouw-69753-unsplash.jpg","datePublished":"2019-03-04T22:46:45+00:00","dateModified":"2022-05-19T17:03:43+00:00","breadcrumb":{"@id":"https:\/\/evhcc.org\/es\/programa-de-becarios-de-steam\/#breadcrumb"},"inLanguage":"es","potentialAction":[{"@type":"ReadAction","target":["https:\/\/evhcc.org\/es\/programa-de-becarios-de-steam\/"]}]},{"@type":"ImageObject","inLanguage":"es","@id":"https:\/\/evhcc.org\/es\/programa-de-becarios-de-steam\/#primaryimage","url":"https:\/\/evhcc.org\/wp-content\/uploads\/2019\/03\/tim-gouw-69753-unsplash.jpg","contentUrl":"https:\/\/evhcc.org\/wp-content\/uploads\/2019\/03\/tim-gouw-69753-unsplash.jpg","width":1080,"height":722},{"@type":"BreadcrumbList","@id":"https:\/\/evhcc.org\/es\/programa-de-becarios-de-steam\/#breadcrumb","itemListElement":[{"@type":"ListItem","position":1,"name":"Home","item":"https:\/\/evhcc.org\/es\/"},{"@type":"ListItem","position":2,"name":"Programa de becarios de Steam"}]},{"@type":"WebSite","@id":"https:\/\/evhcc.org\/es\/#website","url":"https:\/\/evhcc.org\/es\/","name":"EVHCC","description":"East Valley Hispanic Chamber of Commerce","publisher":{"@id":"https:\/\/evhcc.org\/es\/#organization"},"potentialAction":[{"@type":"SearchAction","target":{"@type":"EntryPoint","urlTemplate":"https:\/\/evhcc.org\/es\/?s={search_term_string}"},"query-input":{"@type":"PropertyValueSpecification","valueRequired":true,"valueName":"search_term_string"}}],"inLanguage":"es"},{"@type":"Organization","@id":"https:\/\/evhcc.org\/es\/#organization","name":"EAST VALLEY HISPANIC chamber of comerce","url":"https:\/\/evhcc.org\/es\/","logo":{"@type":"ImageObject","inLanguage":"es","@id":"https:\/\/evhcc.org\/es\/#\/schema\/logo\/image\/","url":"https:\/\/secureservercdn.net\/166.62.107.20\/g5g.a4e.myftpupload.com\/wp-content\/uploads\/2019\/01\/EVHCC-Logo-image-jpg-min.jpg?time=1636751545","contentUrl":"https:\/\/secureservercdn.net\/166.62.107.20\/g5g.a4e.myftpupload.com\/wp-content\/uploads\/2019\/01\/EVHCC-Logo-image-jpg-min.jpg?time=1636751545","width":190,"height":225,"caption":"EAST VALLEY HISPANIC chamber of comerce"},"image":{"@id":"https:\/\/evhcc.org\/es\/#\/schema\/logo\/image\/"},"sameAs":["https:\/\/www.facebook.com\/EVHCC\/","https:\/\/x.com\/MesaEVHCC"]}]}},"_links":{"self":[{"href":"https:\/\/evhcc.org\/es\/wp-json\/wp\/v2\/pages\/78094","targetHints":{"allow":["GET"]}}],"collection":[{"href":"https:\/\/evhcc.org\/es\/wp-json\/wp\/v2\/pages"}],"about":[{"href":"https:\/\/evhcc.org\/es\/wp-json\/wp\/v2\/types\/page"}],"author":[{"embeddable":true,"href":"https:\/\/evhcc.org\/es\/wp-json\/wp\/v2\/users\/1"}],"replies":[{"embeddable":true,"href":"https:\/\/evhcc.org\/es\/wp-json\/wp\/v2\/comments?post=78094"}],"version-history":[{"count":0,"href":"https:\/\/evhcc.org\/es\/wp-json\/wp\/v2\/pages\/78094\/revisions"}],"wp:featuredmedia":[{"embeddable":true,"href":"https:\/\/evhcc.org\/es\/wp-json\/wp\/v2\/media\/78090"}],"wp:attachment":[{"href":"https:\/\/evhcc.org\/es\/wp-json\/wp\/v2\/media?parent=78094"}],"curies":[{"name":"wp","href":"https:\/\/api.w.org\/{rel}","templated":true}]}}