{"id":78066,"date":"2019-01-05T17:36:39","date_gmt":"2019-01-06T00:36:39","guid":{"rendered":"https:\/\/evhcc.org\/ayuda\/"},"modified":"2022-05-18T15:43:39","modified_gmt":"2022-05-18T22:43:39","slug":"ayuda","status":"publish","type":"page","link":"https:\/\/evhcc.org\/es\/ayuda\/","title":{"rendered":"Ayuda"},"content":{"rendered":"\t\t<div data-elementor-type=\"wp-post\" data-elementor-id=\"78066\" class=\"elementor elementor-78066 elementor-954\" data-elementor-post-type=\"page\">\n\t\t\t\t\t\t<section class=\"elementor-section elementor-inner-section elementor-element elementor-element-e401594 elementor-section-boxed elementor-section-height-default elementor-section-height-default\" data-id=\"e401594\" data-element_type=\"section\" data-settings=\"{&quot;background_background&quot;:&quot;classic&quot;}\">\n\t\t\t\t\t\t<div class=\"elementor-container elementor-column-gap-default\">\n\t\t\t\t\t<div class=\"elementor-column elementor-col-100 elementor-inner-column elementor-element elementor-element-d6f66e9\" data-id=\"d6f66e9\" data-element_type=\"column\">\n\t\t\t<div class=\"elementor-widget-wrap elementor-element-populated\">\n\t\t\t\t\t\t<div class=\"elementor-element elementor-element-4a3d18f elementor-widget elementor-widget-heading\" data-id=\"4a3d18f\" data-element_type=\"widget\" data-widget_type=\"heading.default\">\n\t\t\t\t<div class=\"elementor-widget-container\">\n\t\t\t\t\t<h2 class=\"elementor-heading-title elementor-size-xxl\">Ayuda<\/h2>\t\t\t\t<\/div>\n\t\t\t\t<\/div>\n\t\t\t\t\t<\/div>\n\t\t<\/div>\n\t\t\t\t\t<\/div>\n\t\t<\/section>\n\t\t\t\t<section class=\"elementor-section elementor-top-section elementor-element elementor-element-7bdeab6d elementor-section-content-middle elementor-section-boxed elementor-section-height-default elementor-section-height-default\" data-id=\"7bdeab6d\" data-element_type=\"section\">\n\t\t\t\t\t\t<div class=\"elementor-container elementor-column-gap-no\">\n\t\t\t\t\t<div class=\"elementor-column elementor-col-100 elementor-top-column elementor-element elementor-element-9836d5f\" data-id=\"9836d5f\" data-element_type=\"column\">\n\t\t\t<div class=\"elementor-widget-wrap elementor-element-populated\">\n\t\t\t\t\t\t<section class=\"elementor-section elementor-inner-section elementor-element elementor-element-2bd2ffb5 elementor-section-content-middle elementor-section-boxed elementor-section-height-default elementor-section-height-default\" data-id=\"2bd2ffb5\" data-element_type=\"section\">\n\t\t\t\t\t\t<div class=\"elementor-container elementor-column-gap-no\">\n\t\t\t\t\t<div class=\"elementor-column elementor-col-50 elementor-inner-column elementor-element elementor-element-45c0cfd2\" data-id=\"45c0cfd2\" data-element_type=\"column\" data-settings=\"{&quot;background_background&quot;:&quot;classic&quot;}\">\n\t\t\t<div class=\"elementor-widget-wrap elementor-element-populated\">\n\t\t\t\t\t\t<div class=\"elementor-element elementor-element-fc58c2c elementor-widget elementor-widget-heading\" data-id=\"fc58c2c\" data-element_type=\"widget\" data-widget_type=\"heading.default\">\n\t\t\t\t<div class=\"elementor-widget-container\">\n\t\t\t\t\t<h2 class=\"elementor-heading-title elementor-size-default\">Nos alegra que est\u00e9 aqu\u00ed, y si podemos ser de ayuda, h\u00e1ganoslo saber.<\/h2>\t\t\t\t<\/div>\n\t\t\t\t<\/div>\n\t\t\t\t<div class=\"elementor-element elementor-element-1810d17f elementor-button-align-center elementor-mobile-button-align-center elementor-widget elementor-widget-form\" data-id=\"1810d17f\" data-element_type=\"widget\" data-settings=\"{&quot;button_width&quot;:&quot;100&quot;,&quot;step_next_label&quot;:&quot;Siguiente&quot;,&quot;step_previous_label&quot;:&quot;Anterior&quot;,&quot;step_type&quot;:&quot;number_text&quot;,&quot;step_icon_shape&quot;:&quot;circle&quot;}\" data-widget_type=\"form.default\">\n\t\t\t\t<div class=\"elementor-widget-container\">\n\t\t\t\t\t\t\t<form class=\"elementor-form\" method=\"post\" name=\"Nuevo Formulario\" aria-label=\"Nuevo Formulario\">\n\t\t\t<input type=\"hidden\" name=\"post_id\" value=\"78066\"\/>\n\t\t\t<input type=\"hidden\" name=\"form_id\" value=\"1810d17f\"\/>\n\t\t\t<input type=\"hidden\" name=\"referer_title\" value=\"Ayuda - EVHCC\" \/>\n\n\t\t\t\t\t\t\t<input type=\"hidden\" name=\"queried_id\" value=\"78066\"\/>\n\t\t\t\n\t\t\t<div class=\"elementor-form-fields-wrapper elementor-labels-\">\n\t\t\t\t\t\t\t\t<div class=\"elementor-field-type-text elementor-field-group elementor-column elementor-field-group-name elementor-col-50\">\n\t\t\t\t\t\t\t\t\t\t\t\t<label for=\"form-field-name\" class=\"elementor-field-label elementor-screen-only\">\n\t\t\t\t\t\t\t\tNombre\t\t\t\t\t\t\t<\/label>\n\t\t\t\t\t\t\t\t\t\t\t\t\t\t<input size=\"1\" type=\"text\" name=\"form_fields[name]\" id=\"form-field-name\" class=\"elementor-field elementor-size-sm  elementor-field-textual\" placeholder=\"Nombre\">\n\t\t\t\t\t\t\t\t\t\t\t<\/div>\n\t\t\t\t\t\t\t\t<div class=\"elementor-field-type-email elementor-field-group elementor-column elementor-field-group-email elementor-col-50 elementor-field-required\">\n\t\t\t\t\t\t\t\t\t\t\t\t<label for=\"form-field-email\" class=\"elementor-field-label elementor-screen-only\">\n\t\t\t\t\t\t\t\tEmail\t\t\t\t\t\t\t<\/label>\n\t\t\t\t\t\t\t\t\t\t\t\t\t\t<input size=\"1\" type=\"email\" name=\"form_fields[email]\" id=\"form-field-email\" class=\"elementor-field elementor-size-sm  elementor-field-textual\" placeholder=\"Email\" required=\"required\">\n\t\t\t\t\t\t\t\t\t\t\t<\/div>\n\t\t\t\t\t\t\t\t<div class=\"elementor-field-type-text elementor-field-group elementor-column elementor-field-group-b26ecb6 elementor-col-50 elementor-field-required\">\n\t\t\t\t\t\t\t\t\t\t\t\t<label for=\"form-field-b26ecb6\" class=\"elementor-field-label elementor-screen-only\">\n\t\t\t\t\t\t\t\tTel\u00e9fono\t\t\t\t\t\t\t<\/label>\n\t\t\t\t\t\t\t\t\t\t\t\t\t\t<input size=\"1\" type=\"text\" name=\"form_fields[b26ecb6]\" id=\"form-field-b26ecb6\" class=\"elementor-field elementor-size-sm  elementor-field-textual\" placeholder=\"Tel\u00e9fono\" required=\"required\">\n\t\t\t\t\t\t\t\t\t\t\t<\/div>\n\t\t\t\t\t\t\t\t<div class=\"elementor-field-type-text elementor-field-group elementor-column elementor-field-group-894019a elementor-col-50 elementor-field-required\">\n\t\t\t\t\t\t\t\t\t\t\t\t<label for=\"form-field-894019a\" class=\"elementor-field-label elementor-screen-only\">\n\t\t\t\t\t\t\t\tEmpresa\t\t\t\t\t\t\t<\/label>\n\t\t\t\t\t\t\t\t\t\t\t\t\t\t<input size=\"1\" type=\"text\" name=\"form_fields[894019a]\" id=\"form-field-894019a\" class=\"elementor-field elementor-size-sm  elementor-field-textual\" placeholder=\"Empresa\" required=\"required\">\n\t\t\t\t\t\t\t\t\t\t\t<\/div>\n\t\t\t\t\t\t\t\t<div class=\"elementor-field-type-textarea elementor-field-group elementor-column elementor-field-group-message elementor-col-100\">\n\t\t\t\t\t\t\t\t\t\t\t\t<label for=\"form-field-message\" class=\"elementor-field-label elementor-screen-only\">\n\t\t\t\t\t\t\t\tMensaje\t\t\t\t\t\t\t<\/label>\n\t\t\t\t\t\t<textarea class=\"elementor-field-textual elementor-field  elementor-size-sm\" name=\"form_fields[message]\" id=\"form-field-message\" rows=\"4\" placeholder=\"Mensaje\"><\/textarea>\t\t\t\t<\/div>\n\t\t\t\t\t\t\t\t<div class=\"elementor-field-group elementor-column elementor-field-type-submit elementor-col-100 e-form__buttons\">\n\t\t\t\t\t<button class=\"elementor-button elementor-size-sm\" type=\"submit\">\n\t\t\t\t\t\t<span class=\"elementor-button-content-wrapper\">\n\t\t\t\t\t\t\t\t\t\t\t\t\t\t\t\t\t\t\t\t\t\t<span class=\"elementor-button-text\">Enviar Mensaje<\/span>\n\t\t\t\t\t\t\t\t\t\t\t\t\t<\/span>\n\t\t\t\t\t<\/button>\n\t\t\t\t<\/div>\n\t\t\t<\/div>\n\t\t<\/form>\n\t\t\t\t\t\t<\/div>\n\t\t\t\t<\/div>\n\t\t\t\t\t<\/div>\n\t\t<\/div>\n\t\t\t\t<div class=\"elementor-column elementor-col-50 elementor-inner-column elementor-element elementor-element-48cbb680\" data-id=\"48cbb680\" data-element_type=\"column\" data-settings=\"{&quot;background_background&quot;:&quot;gradient&quot;}\">\n\t\t\t<div class=\"elementor-widget-wrap elementor-element-populated\">\n\t\t\t\t\t\t<div class=\"elementor-element elementor-element-56d0a59 elementor-widget elementor-widget-image\" data-id=\"56d0a59\" data-element_type=\"widget\" data-widget_type=\"image.default\">\n\t\t\t\t<div class=\"elementor-widget-container\">\n\t\t\t\t\t\t\t\t\t\t\t\t\t\t\t<img fetchpriority=\"high\" decoding=\"async\" width=\"400\" height=\"246\" src=\"https:\/\/evhcc.org\/wp-content\/uploads\/2019\/01\/join-hispanic-chamber-01-min.jpg\" class=\"attachment-large size-large wp-image-1447\" alt=\"The EAST VALLEY HISPANIC chamber of comerce is the best\" srcset=\"https:\/\/evhcc.org\/wp-content\/uploads\/2019\/01\/join-hispanic-chamber-01-min.jpg 400w, https:\/\/evhcc.org\/wp-content\/uploads\/2019\/01\/join-hispanic-chamber-01-min-300x185.jpg 300w, https:\/\/evhcc.org\/wp-content\/uploads\/2019\/01\/join-hispanic-chamber-01-min-320x197.jpg 320w, https:\/\/evhcc.org\/wp-content\/uploads\/2019\/01\/join-hispanic-chamber-01-min-360x221.jpg 360w\" sizes=\"(max-width: 400px) 100vw, 400px\" \/>\t\t\t\t\t\t\t\t\t\t\t\t\t\t\t<\/div>\n\t\t\t\t<\/div>\n\t\t\t\t\t<\/div>\n\t\t<\/div>\n\t\t\t\t\t<\/div>\n\t\t<\/section>\n\t\t\t\t\t<\/div>\n\t\t<\/div>\n\t\t\t\t\t<\/div>\n\t\t<\/section>\n\t\t\t\t<\/div>\n\t\t","protected":false},"excerpt":{"rendered":"<p>Ayuda Nos alegra que est\u00e9 aqu\u00ed, y si podemos ser de ayuda, h\u00e1ganoslo saber.<\/p>\n","protected":false},"author":1,"featured_media":0,"parent":0,"menu_order":0,"comment_status":"closed","ping_status":"closed","template":"elementor_header_footer","meta":{"pmpro_default_level":"","footnotes":""},"class_list":["post-78066","page","type-page","status-publish","hentry","pmpro-has-access"],"yoast_head":"<!-- This site is optimized with the Yoast SEO Premium plugin v25.4 (Yoast SEO v26.8) - https:\/\/yoast.com\/product\/yoast-seo-premium-wordpress\/ -->\n<title>Ayuda - EVHCC<\/title>\n<meta name=\"robots\" content=\"index, follow, max-snippet:-1, max-image-preview:large, max-video-preview:-1\" \/>\n<link rel=\"canonical\" href=\"https:\/\/evhcc.org\/es\/ayuda\/\" \/>\n<meta property=\"og:locale\" content=\"es_ES\" \/>\n<meta property=\"og:type\" content=\"article\" \/>\n<meta property=\"og:title\" content=\"Ayuda\" \/>\n<meta property=\"og:description\" content=\"Ayuda Nos alegra que est\u00e9 aqu\u00ed, y si podemos ser de ayuda, h\u00e1ganoslo saber.\" \/>\n<meta property=\"og:url\" content=\"https:\/\/evhcc.org\/es\/ayuda\/\" \/>\n<meta property=\"og:site_name\" content=\"EVHCC\" \/>\n<meta property=\"article:publisher\" content=\"https:\/\/www.facebook.com\/EVHCC\/\" \/>\n<meta property=\"article:modified_time\" content=\"2022-05-18T22:43:39+00:00\" \/>\n<meta property=\"og:image\" content=\"https:\/\/evhcc.org\/wp-content\/uploads\/2019\/01\/join-hispanic-chamber-01-min.jpg\" \/>\n<meta name=\"twitter:card\" content=\"summary_large_image\" \/>\n<meta name=\"twitter:site\" content=\"@MesaEVHCC\" \/>\n<script type=\"application\/ld+json\" class=\"yoast-schema-graph\">{\"@context\":\"https:\/\/schema.org\",\"@graph\":[{\"@type\":\"WebPage\",\"@id\":\"https:\/\/evhcc.org\/es\/ayuda\/\",\"url\":\"https:\/\/evhcc.org\/es\/ayuda\/\",\"name\":\"Ayuda - EVHCC\",\"isPartOf\":{\"@id\":\"https:\/\/evhcc.org\/es\/#website\"},\"primaryImageOfPage\":{\"@id\":\"https:\/\/evhcc.org\/es\/ayuda\/#primaryimage\"},\"image\":{\"@id\":\"https:\/\/evhcc.org\/es\/ayuda\/#primaryimage\"},\"thumbnailUrl\":\"https:\/\/evhcc.org\/wp-content\/uploads\/2019\/01\/join-hispanic-chamber-01-min.jpg\",\"datePublished\":\"2019-01-06T00:36:39+00:00\",\"dateModified\":\"2022-05-18T22:43:39+00:00\",\"breadcrumb\":{\"@id\":\"https:\/\/evhcc.org\/es\/ayuda\/#breadcrumb\"},\"inLanguage\":\"es\",\"potentialAction\":[{\"@type\":\"ReadAction\",\"target\":[\"https:\/\/evhcc.org\/es\/ayuda\/\"]}]},{\"@type\":\"ImageObject\",\"inLanguage\":\"es\",\"@id\":\"https:\/\/evhcc.org\/es\/ayuda\/#primaryimage\",\"url\":\"https:\/\/evhcc.org\/wp-content\/uploads\/2019\/01\/join-hispanic-chamber-01-min.jpg\",\"contentUrl\":\"https:\/\/evhcc.org\/wp-content\/uploads\/2019\/01\/join-hispanic-chamber-01-min.jpg\"},{\"@type\":\"BreadcrumbList\",\"@id\":\"https:\/\/evhcc.org\/es\/ayuda\/#breadcrumb\",\"itemListElement\":[{\"@type\":\"ListItem\",\"position\":1,\"name\":\"Home\",\"item\":\"https:\/\/evhcc.org\/es\/\"},{\"@type\":\"ListItem\",\"position\":2,\"name\":\"Ayuda\"}]},{\"@type\":\"WebSite\",\"@id\":\"https:\/\/evhcc.org\/es\/#website\",\"url\":\"https:\/\/evhcc.org\/es\/\",\"name\":\"EVHCC\",\"description\":\"East Valley Hispanic Chamber of Commerce\",\"publisher\":{\"@id\":\"https:\/\/evhcc.org\/es\/#organization\"},\"potentialAction\":[{\"@type\":\"SearchAction\",\"target\":{\"@type\":\"EntryPoint\",\"urlTemplate\":\"https:\/\/evhcc.org\/es\/?s={search_term_string}\"},\"query-input\":{\"@type\":\"PropertyValueSpecification\",\"valueRequired\":true,\"valueName\":\"search_term_string\"}}],\"inLanguage\":\"es\"},{\"@type\":\"Organization\",\"@id\":\"https:\/\/evhcc.org\/es\/#organization\",\"name\":\"EAST VALLEY HISPANIC chamber of comerce\",\"url\":\"https:\/\/evhcc.org\/es\/\",\"logo\":{\"@type\":\"ImageObject\",\"inLanguage\":\"es\",\"@id\":\"https:\/\/evhcc.org\/es\/#\/schema\/logo\/image\/\",\"url\":\"https:\/\/secureservercdn.net\/166.62.107.20\/g5g.a4e.myftpupload.com\/wp-content\/uploads\/2019\/01\/EVHCC-Logo-image-jpg-min.jpg?time=1636751545\",\"contentUrl\":\"https:\/\/secureservercdn.net\/166.62.107.20\/g5g.a4e.myftpupload.com\/wp-content\/uploads\/2019\/01\/EVHCC-Logo-image-jpg-min.jpg?time=1636751545\",\"width\":190,\"height\":225,\"caption\":\"EAST VALLEY HISPANIC chamber of comerce\"},\"image\":{\"@id\":\"https:\/\/evhcc.org\/es\/#\/schema\/logo\/image\/\"},\"sameAs\":[\"https:\/\/www.facebook.com\/EVHCC\/\",\"https:\/\/x.com\/MesaEVHCC\"]}]}<\/script>\n<!-- \/ Yoast SEO Premium plugin. -->","yoast_head_json":{"title":"Ayuda - EVHCC","robots":{"index":"index","follow":"follow","max-snippet":"max-snippet:-1","max-image-preview":"max-image-preview:large","max-video-preview":"max-video-preview:-1"},"canonical":"https:\/\/evhcc.org\/es\/ayuda\/","og_locale":"es_ES","og_type":"article","og_title":"Ayuda","og_description":"Ayuda Nos alegra que est\u00e9 aqu\u00ed, y si podemos ser de ayuda, h\u00e1ganoslo saber.","og_url":"https:\/\/evhcc.org\/es\/ayuda\/","og_site_name":"EVHCC","article_publisher":"https:\/\/www.facebook.com\/EVHCC\/","article_modified_time":"2022-05-18T22:43:39+00:00","og_image":[{"url":"https:\/\/evhcc.org\/wp-content\/uploads\/2019\/01\/join-hispanic-chamber-01-min.jpg","type":"","width":"","height":""}],"twitter_card":"summary_large_image","twitter_site":"@MesaEVHCC","schema":{"@context":"https:\/\/schema.org","@graph":[{"@type":"WebPage","@id":"https:\/\/evhcc.org\/es\/ayuda\/","url":"https:\/\/evhcc.org\/es\/ayuda\/","name":"Ayuda - EVHCC","isPartOf":{"@id":"https:\/\/evhcc.org\/es\/#website"},"primaryImageOfPage":{"@id":"https:\/\/evhcc.org\/es\/ayuda\/#primaryimage"},"image":{"@id":"https:\/\/evhcc.org\/es\/ayuda\/#primaryimage"},"thumbnailUrl":"https:\/\/evhcc.org\/wp-content\/uploads\/2019\/01\/join-hispanic-chamber-01-min.jpg","datePublished":"2019-01-06T00:36:39+00:00","dateModified":"2022-05-18T22:43:39+00:00","breadcrumb":{"@id":"https:\/\/evhcc.org\/es\/ayuda\/#breadcrumb"},"inLanguage":"es","potentialAction":[{"@type":"ReadAction","target":["https:\/\/evhcc.org\/es\/ayuda\/"]}]},{"@type":"ImageObject","inLanguage":"es","@id":"https:\/\/evhcc.org\/es\/ayuda\/#primaryimage","url":"https:\/\/evhcc.org\/wp-content\/uploads\/2019\/01\/join-hispanic-chamber-01-min.jpg","contentUrl":"https:\/\/evhcc.org\/wp-content\/uploads\/2019\/01\/join-hispanic-chamber-01-min.jpg"},{"@type":"BreadcrumbList","@id":"https:\/\/evhcc.org\/es\/ayuda\/#breadcrumb","itemListElement":[{"@type":"ListItem","position":1,"name":"Home","item":"https:\/\/evhcc.org\/es\/"},{"@type":"ListItem","position":2,"name":"Ayuda"}]},{"@type":"WebSite","@id":"https:\/\/evhcc.org\/es\/#website","url":"https:\/\/evhcc.org\/es\/","name":"EVHCC","description":"East Valley Hispanic Chamber of Commerce","publisher":{"@id":"https:\/\/evhcc.org\/es\/#organization"},"potentialAction":[{"@type":"SearchAction","target":{"@type":"EntryPoint","urlTemplate":"https:\/\/evhcc.org\/es\/?s={search_term_string}"},"query-input":{"@type":"PropertyValueSpecification","valueRequired":true,"valueName":"search_term_string"}}],"inLanguage":"es"},{"@type":"Organization","@id":"https:\/\/evhcc.org\/es\/#organization","name":"EAST VALLEY HISPANIC chamber of comerce","url":"https:\/\/evhcc.org\/es\/","logo":{"@type":"ImageObject","inLanguage":"es","@id":"https:\/\/evhcc.org\/es\/#\/schema\/logo\/image\/","url":"https:\/\/secureservercdn.net\/166.62.107.20\/g5g.a4e.myftpupload.com\/wp-content\/uploads\/2019\/01\/EVHCC-Logo-image-jpg-min.jpg?time=1636751545","contentUrl":"https:\/\/secureservercdn.net\/166.62.107.20\/g5g.a4e.myftpupload.com\/wp-content\/uploads\/2019\/01\/EVHCC-Logo-image-jpg-min.jpg?time=1636751545","width":190,"height":225,"caption":"EAST VALLEY HISPANIC chamber of comerce"},"image":{"@id":"https:\/\/evhcc.org\/es\/#\/schema\/logo\/image\/"},"sameAs":["https:\/\/www.facebook.com\/EVHCC\/","https:\/\/x.com\/MesaEVHCC"]}]}},"_links":{"self":[{"href":"https:\/\/evhcc.org\/es\/wp-json\/wp\/v2\/pages\/78066","targetHints":{"allow":["GET"]}}],"collection":[{"href":"https:\/\/evhcc.org\/es\/wp-json\/wp\/v2\/pages"}],"about":[{"href":"https:\/\/evhcc.org\/es\/wp-json\/wp\/v2\/types\/page"}],"author":[{"embeddable":true,"href":"https:\/\/evhcc.org\/es\/wp-json\/wp\/v2\/users\/1"}],"replies":[{"embeddable":true,"href":"https:\/\/evhcc.org\/es\/wp-json\/wp\/v2\/comments?post=78066"}],"version-history":[{"count":0,"href":"https:\/\/evhcc.org\/es\/wp-json\/wp\/v2\/pages\/78066\/revisions"}],"wp:attachment":[{"href":"https:\/\/evhcc.org\/es\/wp-json\/wp\/v2\/media?parent=78066"}],"curies":[{"name":"wp","href":"https:\/\/api.w.org\/{rel}","templated":true}]}}