{"id":78057,"date":"2019-01-02T17:44:32","date_gmt":"2019-01-03T00:44:32","guid":{"rendered":"https:\/\/evhcc.org\/preguntas-frecuentes-faq\/"},"modified":"2019-01-02T17:44:32","modified_gmt":"2019-01-03T00:44:32","slug":"preguntas-frecuentes-faq","status":"publish","type":"page","link":"https:\/\/evhcc.org\/es\/preguntas-frecuentes-faq\/","title":{"rendered":"Preguntas frecuentes (FAQ)"},"content":{"rendered":"<p>Aqu\u00ed es donde debe responder las preguntas m\u00e1s comunes que puedan tener los clientes potenciales. Es una buena idea cubrir cosas como su pol\u00edtica de devoluci\u00f3n, informaci\u00f3n de garant\u00eda del producto, env\u00edo y devoluciones, etc. Echa un vistazo a los ejemplos a continuaci\u00f3n.<\/p>\n<hr>\n<h3>\u00bfCu\u00e1l es su pol\u00edtica de devoluci\u00f3n?<\/h3>\n<p>Devuelva cualquiera de nuestros productos, sin hacer preguntas, dentro de los 30 d\u00edas posteriores a la compra. Incluso pagamos el env\u00edo de devoluci\u00f3n.<\/p>\n<hr>\n<h3>\u00bfEnv\u00edan a ultramar y a P.O. cajas?<\/h3>\n<p>S\u00ed, enviaremos su paquete a cualquier lugar que pueda aceptar entregas.<\/p>\n<hr>\n<h3>\u00bfTienes servicio al cliente?<\/h3>\n<p>Por supuesto! Nuestros amables y expertos representantes de servicio al cliente est\u00e1n disponibles para responder sus preguntas las 24 horas del d\u00eda, los 7 d\u00edas de la semana, los 365 d\u00edas del a\u00f1o.<\/p>\n","protected":false},"excerpt":{"rendered":"<p>Aqu\u00ed es donde debe responder las preguntas m\u00e1s comunes que puedan tener los clientes potenciales. Es una buena idea cubrir&hellip;<\/p>\n","protected":false},"author":1,"featured_media":0,"parent":0,"menu_order":0,"comment_status":"closed","ping_status":"closed","template":"","meta":{"pmpro_default_level":"","footnotes":""},"class_list":["post-78057","page","type-page","status-publish","hentry","pmpro-has-access"],"yoast_head":"<!-- This site is optimized with the Yoast SEO Premium plugin v25.4 (Yoast SEO v26.8) - https:\/\/yoast.com\/product\/yoast-seo-premium-wordpress\/ -->\n<title>Preguntas frecuentes (FAQ) - EVHCC<\/title>\n<meta name=\"robots\" content=\"index, follow, max-snippet:-1, max-image-preview:large, max-video-preview:-1\" \/>\n<link rel=\"canonical\" href=\"https:\/\/evhcc.org\/es\/preguntas-frecuentes-faq\/\" \/>\n<meta property=\"og:locale\" content=\"es_ES\" \/>\n<meta property=\"og:type\" content=\"article\" \/>\n<meta property=\"og:title\" content=\"Preguntas frecuentes (FAQ)\" \/>\n<meta property=\"og:description\" content=\"Aqu\u00ed es donde debe responder las preguntas m\u00e1s comunes que puedan tener los clientes potenciales. Es una buena idea cubrir&hellip;\" \/>\n<meta property=\"og:url\" content=\"https:\/\/evhcc.org\/es\/preguntas-frecuentes-faq\/\" \/>\n<meta property=\"og:site_name\" content=\"EVHCC\" \/>\n<meta property=\"article:publisher\" content=\"https:\/\/www.facebook.com\/EVHCC\/\" \/>\n<meta name=\"twitter:card\" content=\"summary_large_image\" \/>\n<meta name=\"twitter:site\" content=\"@MesaEVHCC\" \/>\n<meta name=\"twitter:label1\" content=\"Tiempo de lectura\" \/>\n\t<meta name=\"twitter:data1\" content=\"1 minuto\" \/>\n<script type=\"application\/ld+json\" class=\"yoast-schema-graph\">{\"@context\":\"https:\/\/schema.org\",\"@graph\":[{\"@type\":\"WebPage\",\"@id\":\"https:\/\/evhcc.org\/es\/preguntas-frecuentes-faq\/\",\"url\":\"https:\/\/evhcc.org\/es\/preguntas-frecuentes-faq\/\",\"name\":\"Preguntas frecuentes (FAQ) - EVHCC\",\"isPartOf\":{\"@id\":\"https:\/\/evhcc.org\/es\/#website\"},\"datePublished\":\"2019-01-03T00:44:32+00:00\",\"breadcrumb\":{\"@id\":\"https:\/\/evhcc.org\/es\/preguntas-frecuentes-faq\/#breadcrumb\"},\"inLanguage\":\"es\",\"potentialAction\":[{\"@type\":\"ReadAction\",\"target\":[\"https:\/\/evhcc.org\/es\/preguntas-frecuentes-faq\/\"]}]},{\"@type\":\"BreadcrumbList\",\"@id\":\"https:\/\/evhcc.org\/es\/preguntas-frecuentes-faq\/#breadcrumb\",\"itemListElement\":[{\"@type\":\"ListItem\",\"position\":1,\"name\":\"Home\",\"item\":\"https:\/\/evhcc.org\/es\/\"},{\"@type\":\"ListItem\",\"position\":2,\"name\":\"Preguntas frecuentes (FAQ)\"}]},{\"@type\":\"WebSite\",\"@id\":\"https:\/\/evhcc.org\/es\/#website\",\"url\":\"https:\/\/evhcc.org\/es\/\",\"name\":\"EVHCC\",\"description\":\"East Valley Hispanic Chamber of Commerce\",\"publisher\":{\"@id\":\"https:\/\/evhcc.org\/es\/#organization\"},\"potentialAction\":[{\"@type\":\"SearchAction\",\"target\":{\"@type\":\"EntryPoint\",\"urlTemplate\":\"https:\/\/evhcc.org\/es\/?s={search_term_string}\"},\"query-input\":{\"@type\":\"PropertyValueSpecification\",\"valueRequired\":true,\"valueName\":\"search_term_string\"}}],\"inLanguage\":\"es\"},{\"@type\":\"Organization\",\"@id\":\"https:\/\/evhcc.org\/es\/#organization\",\"name\":\"EAST VALLEY HISPANIC chamber of comerce\",\"url\":\"https:\/\/evhcc.org\/es\/\",\"logo\":{\"@type\":\"ImageObject\",\"inLanguage\":\"es\",\"@id\":\"https:\/\/evhcc.org\/es\/#\/schema\/logo\/image\/\",\"url\":\"https:\/\/secureservercdn.net\/166.62.107.20\/g5g.a4e.myftpupload.com\/wp-content\/uploads\/2019\/01\/EVHCC-Logo-image-jpg-min.jpg?time=1636751545\",\"contentUrl\":\"https:\/\/secureservercdn.net\/166.62.107.20\/g5g.a4e.myftpupload.com\/wp-content\/uploads\/2019\/01\/EVHCC-Logo-image-jpg-min.jpg?time=1636751545\",\"width\":190,\"height\":225,\"caption\":\"EAST VALLEY HISPANIC chamber of comerce\"},\"image\":{\"@id\":\"https:\/\/evhcc.org\/es\/#\/schema\/logo\/image\/\"},\"sameAs\":[\"https:\/\/www.facebook.com\/EVHCC\/\",\"https:\/\/x.com\/MesaEVHCC\"]}]}<\/script>\n<!-- \/ Yoast SEO Premium plugin. -->","yoast_head_json":{"title":"Preguntas frecuentes (FAQ) - EVHCC","robots":{"index":"index","follow":"follow","max-snippet":"max-snippet:-1","max-image-preview":"max-image-preview:large","max-video-preview":"max-video-preview:-1"},"canonical":"https:\/\/evhcc.org\/es\/preguntas-frecuentes-faq\/","og_locale":"es_ES","og_type":"article","og_title":"Preguntas frecuentes (FAQ)","og_description":"Aqu\u00ed es donde debe responder las preguntas m\u00e1s comunes que puedan tener los clientes potenciales. Es una buena idea cubrir&hellip;","og_url":"https:\/\/evhcc.org\/es\/preguntas-frecuentes-faq\/","og_site_name":"EVHCC","article_publisher":"https:\/\/www.facebook.com\/EVHCC\/","twitter_card":"summary_large_image","twitter_site":"@MesaEVHCC","twitter_misc":{"Tiempo de lectura":"1 minuto"},"schema":{"@context":"https:\/\/schema.org","@graph":[{"@type":"WebPage","@id":"https:\/\/evhcc.org\/es\/preguntas-frecuentes-faq\/","url":"https:\/\/evhcc.org\/es\/preguntas-frecuentes-faq\/","name":"Preguntas frecuentes (FAQ) - EVHCC","isPartOf":{"@id":"https:\/\/evhcc.org\/es\/#website"},"datePublished":"2019-01-03T00:44:32+00:00","breadcrumb":{"@id":"https:\/\/evhcc.org\/es\/preguntas-frecuentes-faq\/#breadcrumb"},"inLanguage":"es","potentialAction":[{"@type":"ReadAction","target":["https:\/\/evhcc.org\/es\/preguntas-frecuentes-faq\/"]}]},{"@type":"BreadcrumbList","@id":"https:\/\/evhcc.org\/es\/preguntas-frecuentes-faq\/#breadcrumb","itemListElement":[{"@type":"ListItem","position":1,"name":"Home","item":"https:\/\/evhcc.org\/es\/"},{"@type":"ListItem","position":2,"name":"Preguntas frecuentes (FAQ)"}]},{"@type":"WebSite","@id":"https:\/\/evhcc.org\/es\/#website","url":"https:\/\/evhcc.org\/es\/","name":"EVHCC","description":"East Valley Hispanic Chamber of Commerce","publisher":{"@id":"https:\/\/evhcc.org\/es\/#organization"},"potentialAction":[{"@type":"SearchAction","target":{"@type":"EntryPoint","urlTemplate":"https:\/\/evhcc.org\/es\/?s={search_term_string}"},"query-input":{"@type":"PropertyValueSpecification","valueRequired":true,"valueName":"search_term_string"}}],"inLanguage":"es"},{"@type":"Organization","@id":"https:\/\/evhcc.org\/es\/#organization","name":"EAST VALLEY HISPANIC chamber of comerce","url":"https:\/\/evhcc.org\/es\/","logo":{"@type":"ImageObject","inLanguage":"es","@id":"https:\/\/evhcc.org\/es\/#\/schema\/logo\/image\/","url":"https:\/\/secureservercdn.net\/166.62.107.20\/g5g.a4e.myftpupload.com\/wp-content\/uploads\/2019\/01\/EVHCC-Logo-image-jpg-min.jpg?time=1636751545","contentUrl":"https:\/\/secureservercdn.net\/166.62.107.20\/g5g.a4e.myftpupload.com\/wp-content\/uploads\/2019\/01\/EVHCC-Logo-image-jpg-min.jpg?time=1636751545","width":190,"height":225,"caption":"EAST VALLEY HISPANIC chamber of comerce"},"image":{"@id":"https:\/\/evhcc.org\/es\/#\/schema\/logo\/image\/"},"sameAs":["https:\/\/www.facebook.com\/EVHCC\/","https:\/\/x.com\/MesaEVHCC"]}]}},"_links":{"self":[{"href":"https:\/\/evhcc.org\/es\/wp-json\/wp\/v2\/pages\/78057","targetHints":{"allow":["GET"]}}],"collection":[{"href":"https:\/\/evhcc.org\/es\/wp-json\/wp\/v2\/pages"}],"about":[{"href":"https:\/\/evhcc.org\/es\/wp-json\/wp\/v2\/types\/page"}],"author":[{"embeddable":true,"href":"https:\/\/evhcc.org\/es\/wp-json\/wp\/v2\/users\/1"}],"replies":[{"embeddable":true,"href":"https:\/\/evhcc.org\/es\/wp-json\/wp\/v2\/comments?post=78057"}],"version-history":[{"count":0,"href":"https:\/\/evhcc.org\/es\/wp-json\/wp\/v2\/pages\/78057\/revisions"}],"wp:attachment":[{"href":"https:\/\/evhcc.org\/es\/wp-json\/wp\/v2\/media?parent=78057"}],"curies":[{"name":"wp","href":"https:\/\/api.w.org\/{rel}","templated":true}]}}